{"id":383,"date":"2017-01-23T11:10:59","date_gmt":"2017-01-23T09:10:59","guid":{"rendered":"http:\/\/elcerrodelalmendral.com\/?page_id=383"},"modified":"2017-01-23T11:23:56","modified_gmt":"2017-01-23T09:23:56","slug":"avertissement-legal-et-politique-confidentialite","status":"publish","type":"page","link":"https:\/\/elcerrodelalmendral.com\/fr\/avertissement-legal-et-politique-de-confidentialite\/","title":{"rendered":"Avertissement l\u00e9gal et politique de confidentialit\u00e9"},"content":{"rendered":"<p><\/p>\n<h1>Mentions l\u00e9gales<\/h1>\n<h4>Coordonn\u00e9es<\/h4>\n<p>Nom de l&rsquo;entreprise: Adresse: T\u00e9l\u00e9phone: CIF:<\/p>\n<h4>Donn\u00e9es du registre<\/h4>\n<p>&nbsp;<\/p>\n<h4>Utilisation du site web et acceptation<\/h4>\n<p>L&rsquo;acc\u00e8s au site Web implique l&rsquo;acceptation de toutes les conditions contenues dans le pr\u00e9sent Avis l\u00e9gal. Le contenu du pr\u00e9sent Avis l\u00e9gal peut \u00eatre modifi\u00e9 et son acceptation par l&rsquo;utilisateur doit \u00eatre comprise au regard de l&rsquo;Avis juridique publi\u00e9 par El Cerro del Almendral au moment o\u00f9 l&rsquo;utilisateur acc\u00e8de au site Web.<\/p>\n<h4>Conditions g\u00e9n\u00e9rales du site<\/h4>\n<p>L&rsquo;Utilisateur s&rsquo;engage \u00e0 utiliser les services, produits ou utilitaires offerts par El Cerro del Almendral via le Site en accord avec le pr\u00e9sent Avis L\u00e9gal, la l\u00e9gislation en vigueur et d&rsquo;autres avertissements et instructions \u00e0 sa connaissance. En g\u00e9n\u00e9ral, le site Web d&rsquo;acc\u00e8s \u00e0 l&rsquo;information et aux services publics ne n\u00e9cessite pas d&rsquo;inscription pr\u00e9alable ou d&rsquo;inscription de l&rsquo;utilisateur, malgr\u00e9 cela, l&rsquo;acc\u00e8s \u00e0 certains des services offerts par le biais de ce site Web peut \u00eatre soumis au formulaire de souscription ou d&rsquo;inscription. \u00c0 ces fins, l&rsquo;utilisateur garantit l&rsquo;authenticit\u00e9 et la v\u00e9racit\u00e9 de toutes les donn\u00e9es personnelles fournies en compl\u00e9tant le formulaire d&rsquo;inscription ou l&rsquo;inscription. Le traitement des donn\u00e9es \u00e0 caract\u00e8re personnel que vous fournissez sera fait par El Cerro del Almendral conform\u00e9ment \u00e0 la Politique de confidentialit\u00e9 de ce site Web.<\/p>\n<h4>Les droits de propri\u00e9t\u00e9 intellectuelle et<\/h4>\n<p>Toutes les marques de commerce, noms commerciaux, logos, contenus et informations de toute nature qui apparaissent sur ce site Web appartiennent \u00e0 El Cerro del Almendral, et ne peuvent \u00eatre reproduits, distribu\u00e9s, modifi\u00e9s ou modifi\u00e9s sans l&rsquo;autorisation pr\u00e9alable de El Cerro del Almendral. L&rsquo;utilisateur ne doit pas obtenir le contenu \u00e0 l&rsquo;aide de moyens ou de proc\u00e9dures autres que ceux qui, le cas \u00e9ch\u00e9ant, ont \u00e9t\u00e9 rendus disponibles ou, en g\u00e9n\u00e9ral, les employ\u00e9s habituellement sur Internet, \u00e0 condition que ce dernier, sans risque ni dommage pour le site Web et \/ Contenu. El Cerro del Almendral n&rsquo;approuve, ne recommande ni n&rsquo;approuve les marques, noms commerciaux, fabricants ou fournisseurs des produits et services qui sont d&rsquo;autres propri\u00e9taires et qui peuvent \u00eatre r\u00e9f\u00e9renc\u00e9s dans ce site Web.<\/p>\n<h4>Exclusion de garanties<\/h4>\n<p>1. Les donn\u00e9es, textes, informations et images qui apparaissent sur le site sont publi\u00e9s avec le consentement de l&rsquo;utilisateur abonn\u00e9 au service.<\/p>\n<p>2. El Cerro del Almendral exclut, dans la mesure autoris\u00e9e par la loi espagnole, toute responsabilit\u00e9 pour les dommages de toute nature r\u00e9sultant de l&rsquo;indisponibilit\u00e9 ou de l&rsquo;acc\u00e8s continu au site et \u00e0 ses services. El Cerro del Almendral se r\u00e9serve le droit de r\u00e9silier ou de suspendre l&rsquo;acc\u00e8s \u00e0 son site Web \u00e0 tout moment.<\/p>\n<p>3. El Cerro del Almendral exclut, dans la mesure autoris\u00e9e par la loi espagnole, toute responsabilit\u00e9 pour les dommages de toute nature pouvant r\u00e9sulter de la pr\u00e9sence de virus ou d&rsquo;autres codes malveillants dans les contenus susceptibles de causer tout type de dommage informatique, documents ou fichiers \u00e9lectroniques D&rsquo;utilisateurs.<\/p>\n<p>4. El Cerro del Almendral exclut, dans la mesure autoris\u00e9e par la loi espagnole, toute responsabilit\u00e9 pour les dommages de toute nature qui pourraient \u00eatre caus\u00e9s aux utilisateurs par l&rsquo;utilisation des liens et autres \u00e9l\u00e9ments permettant aux utilisateurs d&rsquo;acc\u00e9der \u00e0 des sites Web exploit\u00e9s par des tiers.<\/p>\n<p>5. El Cerro del Almendral n&rsquo;assume aucune responsabilit\u00e9 pour violation de l&rsquo;utilisateur des r\u00e8gles applicables qui peuvent \u00eatre encourus dans leur acc\u00e8s \u00e0 ce site et \/ ou l&rsquo;utilisation des informations contenues dans celui-ci. El Cerro del Almendral est \u00e9galement responsable de l&rsquo;usage ill\u00e9gitime que les tiers peuvent faire des marques, marques ou logos sans \u00eatre d\u00e9tenus par El Cerro del Almendral affich\u00e9s sur ce site.<\/p>\n<h4>Protection des donn\u00e9es personnelles<\/h4>\n<p>El Cerro del Almendral traite les donn\u00e9es personnelles strictement \u00e0 sa Politique de Confidentialit\u00e9 figurant sur ce site web sujet.<\/p>\n<h4>Campagnes publicitaires<\/h4>\n<p>El Cerro del Almendral se r\u00e9serve le droit de faire des campagnes publicitaires pour promouvoir l&rsquo;entreprise, groupe de soci\u00e9t\u00e9s, produits et services et leurs associ\u00e9s avec le respect absolu de la profession et la l\u00e9gislation connexe.<\/p>\n<h4>Notifications<\/h4>\n<p>Les notifications ou communications faites par les utilisateurs \u00e0 El Cerro del Almendral lorsqu&rsquo;elles sont transmises par les moyens suivants sont consid\u00e9r\u00e9es efficaces \u00e0 toutes fins: \u2022 Mailing \u2022 T\u00e9l\u00e9phone \u2022 communications par courrier \u00e9lectronique ou notifications de El Cerro del Almendral l&rsquo;utilisateur sera consid\u00e9r\u00e9 comme efficace \u00e0 toutes fins, Lorsqu&rsquo;elle est effectu\u00e9e par des moyens pr\u00e9alablement exprim\u00e9s \u00e0 l&rsquo;adresse, t\u00e9l\u00e9phone, fax ou courrier \u00e9lectronique que l&rsquo;utilisateur a pr\u00e9alablement mis au courant d&rsquo;El Cerro del Almendral. L&rsquo;utilisateur s&rsquo;engage \u00e0 fournir ses donn\u00e9es actuelles et \u00e0 informer Impulso Tecnol\u00f3gico de toute modification de celles-ci.<\/p>\n<h4>Droit et juridiction<\/h4>\n<p>Il est applicable \u00e0 cette notice l\u00e9gale loi espagnole. La juridiction et la juridiction territoriale pour entendre et trancher toute question relative \u00e0 ce site Web correspond aux organes de Justice de Madrid.<\/p>\n<p>&nbsp;<\/p>\n<h1>Politique de confidentialit\u00e9<\/h1>\n<p>Par le biais de ce site web, aucune donn\u00e9e personnelle des utilisateurs n&rsquo;est recueillie \u00e0 leur insu ou transmise \u00e0 des tiers.<\/p>\n<p>Le portail appartenant \u00e0 El Cerro del Almendral contient des liens vers des sites Web de tiers dont les politiques de confidentialit\u00e9 sont en dehors du Cerro del Almendral. En acc\u00e9dant \u00e0 ces sites Web, vous pouvez d\u00e9cider d&rsquo;accepter leur confidentialit\u00e9 ou vos cookies. En g\u00e9n\u00e9ral, si vous surfez sur Internet, vous pouvez accepter ou refuser les cookies tiers de la settin<\/p>","protected":false},"excerpt":{"rendered":"<p>Mentions l\u00e9gales Coordonn\u00e9es Nom de l&rsquo;entreprise: Adresse: T\u00e9l\u00e9phone: CIF: Donn\u00e9es du registre &nbsp; Utilisation du site web et acceptation L&rsquo;acc\u00e8s au site Web implique l&rsquo;acceptation de toutes les conditions contenues dans le pr\u00e9sent Avis l\u00e9gal. Le contenu du pr\u00e9sent Avis l\u00e9gal peut \u00eatre modifi\u00e9 et son acceptation par l&rsquo;utilisateur doit \u00eatre comprise au regard de [&hellip;]<\/p>\n","protected":false},"author":2,"featured_media":0,"parent":0,"menu_order":0,"comment_status":"closed","ping_status":"closed","template":"","meta":{"footnotes":""},"class_list":["post-383","page","type-page","status-publish","hentry"],"yoast_head":"<!-- This site is optimized with the Yoast SEO plugin v27.3 - https:\/\/yoast.com\/product\/yoast-seo-wordpress\/ -->\n<title>Avertissement l\u00e9gal et politique de confidentialit\u00e9 - (Espa\u00f1ol) El Cerro del Almendral Casa Rural Loja Granada<\/title>\n<meta name=\"robots\" content=\"index, follow, max-snippet:-1, max-image-preview:large, max-video-preview:-1\" \/>\n<link rel=\"canonical\" href=\"https:\/\/elcerrodelalmendral.com\/francais-avertissement-legal-et-politique-de-confidentialite\/\" \/>\n<meta property=\"og:locale\" content=\"fr_FR\" \/>\n<meta property=\"og:type\" content=\"article\" \/>\n<meta property=\"og:title\" content=\"Avertissement l\u00e9gal et politique de confidentialit\u00e9 - (Espa\u00f1ol) El Cerro del Almendral Casa Rural Loja Granada\" \/>\n<meta property=\"og:description\" content=\"Mentions l\u00e9gales Coordonn\u00e9es Nom de l&rsquo;entreprise: Adresse: T\u00e9l\u00e9phone: CIF: Donn\u00e9es du registre &nbsp; Utilisation du site web et acceptation L&rsquo;acc\u00e8s au site Web implique l&rsquo;acceptation de toutes les conditions contenues dans le pr\u00e9sent Avis l\u00e9gal. Le contenu du pr\u00e9sent Avis l\u00e9gal peut \u00eatre modifi\u00e9 et son acceptation par l&rsquo;utilisateur doit \u00eatre comprise au regard de [&hellip;]\" \/>\n<meta property=\"og:url\" content=\"https:\/\/elcerrodelalmendral.com\/francais-avertissement-legal-et-politique-de-confidentialite\/\" \/>\n<meta property=\"og:site_name\" content=\"(Espa\u00f1ol) El Cerro del Almendral Casa Rural Loja Granada\" \/>\n<meta property=\"article:modified_time\" content=\"2017-01-23T09:23:56+00:00\" \/>\n<meta name=\"twitter:card\" content=\"summary_large_image\" \/>\n<meta name=\"twitter:label1\" content=\"Dur\u00e9e de lecture estim\u00e9e\" \/>\n\t<meta name=\"twitter:data1\" content=\"5 minutes\" \/>\n<script type=\"application\/ld+json\" class=\"yoast-schema-graph\">{\"@context\":\"https:\\\/\\\/schema.org\",\"@graph\":[{\"@type\":\"WebPage\",\"@id\":\"https:\\\/\\\/elcerrodelalmendral.com\\\/francais-avertissement-legal-et-politique-de-confidentialite\\\/\",\"url\":\"https:\\\/\\\/elcerrodelalmendral.com\\\/francais-avertissement-legal-et-politique-de-confidentialite\\\/\",\"name\":\"Avertissement l\u00e9gal et politique de confidentialit\u00e9 - (Espa\u00f1ol) El Cerro del Almendral Casa Rural Loja Granada\",\"isPartOf\":{\"@id\":\"https:\\\/\\\/elcerrodelalmendral.com\\\/#website\"},\"datePublished\":\"2017-01-23T09:10:59+00:00\",\"dateModified\":\"2017-01-23T09:23:56+00:00\",\"breadcrumb\":{\"@id\":\"https:\\\/\\\/elcerrodelalmendral.com\\\/francais-avertissement-legal-et-politique-de-confidentialite\\\/#breadcrumb\"},\"inLanguage\":\"fr-FR\",\"potentialAction\":[{\"@type\":\"ReadAction\",\"target\":[\"https:\\\/\\\/elcerrodelalmendral.com\\\/francais-avertissement-legal-et-politique-de-confidentialite\\\/\"]}]},{\"@type\":\"BreadcrumbList\",\"@id\":\"https:\\\/\\\/elcerrodelalmendral.com\\\/francais-avertissement-legal-et-politique-de-confidentialite\\\/#breadcrumb\",\"itemListElement\":[{\"@type\":\"ListItem\",\"position\":1,\"name\":\"Portada\",\"item\":\"https:\\\/\\\/elcerrodelalmendral.com\\\/\"},{\"@type\":\"ListItem\",\"position\":2,\"name\":\"(Fran\u00e7ais) Avertissement l\u00e9gal et politique de confidentialit\u00e9\"}]},{\"@type\":\"WebSite\",\"@id\":\"https:\\\/\\\/elcerrodelalmendral.com\\\/#website\",\"url\":\"https:\\\/\\\/elcerrodelalmendral.com\\\/\",\"name\":\"(Espa\u00f1ol) El Cerro del Almendral Casa Rural Loja Granada\",\"description\":\"(Espa\u00f1ol) Para\u00edso en el Coraz\u00f3n de Andaluc\u00eda\",\"publisher\":{\"@id\":\"https:\\\/\\\/elcerrodelalmendral.com\\\/#organization\"},\"potentialAction\":[{\"@type\":\"SearchAction\",\"target\":{\"@type\":\"EntryPoint\",\"urlTemplate\":\"https:\\\/\\\/elcerrodelalmendral.com\\\/?s={search_term_string}\"},\"query-input\":{\"@type\":\"PropertyValueSpecification\",\"valueRequired\":true,\"valueName\":\"search_term_string\"}}],\"inLanguage\":\"fr-FR\"},{\"@type\":\"Organization\",\"@id\":\"https:\\\/\\\/elcerrodelalmendral.com\\\/#organization\",\"name\":\"Casa Rural El Cerro del Almendral - Ecosol Rural\",\"url\":\"https:\\\/\\\/elcerrodelalmendral.com\\\/\",\"logo\":{\"@type\":\"ImageObject\",\"inLanguage\":\"fr-FR\",\"@id\":\"https:\\\/\\\/elcerrodelalmendral.com\\\/#\\\/schema\\\/logo\\\/image\\\/\",\"url\":\"https:\\\/\\\/elcerrodelalmendral.com\\\/wp-content\\\/uploads\\\/2016\\\/05\\\/logo300x165.png\",\"contentUrl\":\"https:\\\/\\\/elcerrodelalmendral.com\\\/wp-content\\\/uploads\\\/2016\\\/05\\\/logo300x165.png\",\"width\":300,\"height\":165,\"caption\":\"Casa Rural El Cerro del Almendral - Ecosol Rural\"},\"image\":{\"@id\":\"https:\\\/\\\/elcerrodelalmendral.com\\\/#\\\/schema\\\/logo\\\/image\\\/\"}}]}<\/script>\n<!-- \/ Yoast SEO plugin. -->","yoast_head_json":{"title":"Avertissement l\u00e9gal et politique de confidentialit\u00e9 - (Espa\u00f1ol) El Cerro del Almendral Casa Rural Loja Granada","robots":{"index":"index","follow":"follow","max-snippet":"max-snippet:-1","max-image-preview":"max-image-preview:large","max-video-preview":"max-video-preview:-1"},"canonical":"https:\/\/elcerrodelalmendral.com\/francais-avertissement-legal-et-politique-de-confidentialite\/","og_locale":"fr_FR","og_type":"article","og_title":"Avertissement l\u00e9gal et politique de confidentialit\u00e9 - (Espa\u00f1ol) El Cerro del Almendral Casa Rural Loja Granada","og_description":"Mentions l\u00e9gales Coordonn\u00e9es Nom de l&rsquo;entreprise: Adresse: T\u00e9l\u00e9phone: CIF: Donn\u00e9es du registre &nbsp; Utilisation du site web et acceptation L&rsquo;acc\u00e8s au site Web implique l&rsquo;acceptation de toutes les conditions contenues dans le pr\u00e9sent Avis l\u00e9gal. Le contenu du pr\u00e9sent Avis l\u00e9gal peut \u00eatre modifi\u00e9 et son acceptation par l&rsquo;utilisateur doit \u00eatre comprise au regard de [&hellip;]","og_url":"https:\/\/elcerrodelalmendral.com\/francais-avertissement-legal-et-politique-de-confidentialite\/","og_site_name":"(Espa\u00f1ol) El Cerro del Almendral Casa Rural Loja Granada","article_modified_time":"2017-01-23T09:23:56+00:00","twitter_card":"summary_large_image","twitter_misc":{"Dur\u00e9e de lecture estim\u00e9e":"5 minutes"},"schema":{"@context":"https:\/\/schema.org","@graph":[{"@type":"WebPage","@id":"https:\/\/elcerrodelalmendral.com\/francais-avertissement-legal-et-politique-de-confidentialite\/","url":"https:\/\/elcerrodelalmendral.com\/francais-avertissement-legal-et-politique-de-confidentialite\/","name":"Avertissement l\u00e9gal et politique de confidentialit\u00e9 - (Espa\u00f1ol) El Cerro del Almendral Casa Rural Loja Granada","isPartOf":{"@id":"https:\/\/elcerrodelalmendral.com\/#website"},"datePublished":"2017-01-23T09:10:59+00:00","dateModified":"2017-01-23T09:23:56+00:00","breadcrumb":{"@id":"https:\/\/elcerrodelalmendral.com\/francais-avertissement-legal-et-politique-de-confidentialite\/#breadcrumb"},"inLanguage":"fr-FR","potentialAction":[{"@type":"ReadAction","target":["https:\/\/elcerrodelalmendral.com\/francais-avertissement-legal-et-politique-de-confidentialite\/"]}]},{"@type":"BreadcrumbList","@id":"https:\/\/elcerrodelalmendral.com\/francais-avertissement-legal-et-politique-de-confidentialite\/#breadcrumb","itemListElement":[{"@type":"ListItem","position":1,"name":"Portada","item":"https:\/\/elcerrodelalmendral.com\/"},{"@type":"ListItem","position":2,"name":"(Fran\u00e7ais) Avertissement l\u00e9gal et politique de confidentialit\u00e9"}]},{"@type":"WebSite","@id":"https:\/\/elcerrodelalmendral.com\/#website","url":"https:\/\/elcerrodelalmendral.com\/","name":"(Espa\u00f1ol) El Cerro del Almendral Casa Rural Loja Granada","description":"(Espa\u00f1ol) Para\u00edso en el Coraz\u00f3n de Andaluc\u00eda","publisher":{"@id":"https:\/\/elcerrodelalmendral.com\/#organization"},"potentialAction":[{"@type":"SearchAction","target":{"@type":"EntryPoint","urlTemplate":"https:\/\/elcerrodelalmendral.com\/?s={search_term_string}"},"query-input":{"@type":"PropertyValueSpecification","valueRequired":true,"valueName":"search_term_string"}}],"inLanguage":"fr-FR"},{"@type":"Organization","@id":"https:\/\/elcerrodelalmendral.com\/#organization","name":"Casa Rural El Cerro del Almendral - Ecosol Rural","url":"https:\/\/elcerrodelalmendral.com\/","logo":{"@type":"ImageObject","inLanguage":"fr-FR","@id":"https:\/\/elcerrodelalmendral.com\/#\/schema\/logo\/image\/","url":"https:\/\/elcerrodelalmendral.com\/wp-content\/uploads\/2016\/05\/logo300x165.png","contentUrl":"https:\/\/elcerrodelalmendral.com\/wp-content\/uploads\/2016\/05\/logo300x165.png","width":300,"height":165,"caption":"Casa Rural El Cerro del Almendral - Ecosol Rural"},"image":{"@id":"https:\/\/elcerrodelalmendral.com\/#\/schema\/logo\/image\/"}}]}},"_links":{"self":[{"href":"https:\/\/elcerrodelalmendral.com\/fr\/wp-json\/wp\/v2\/pages\/383","targetHints":{"allow":["GET"]}}],"collection":[{"href":"https:\/\/elcerrodelalmendral.com\/fr\/wp-json\/wp\/v2\/pages"}],"about":[{"href":"https:\/\/elcerrodelalmendral.com\/fr\/wp-json\/wp\/v2\/types\/page"}],"author":[{"embeddable":true,"href":"https:\/\/elcerrodelalmendral.com\/fr\/wp-json\/wp\/v2\/users\/2"}],"replies":[{"embeddable":true,"href":"https:\/\/elcerrodelalmendral.com\/fr\/wp-json\/wp\/v2\/comments?post=383"}],"version-history":[{"count":4,"href":"https:\/\/elcerrodelalmendral.com\/fr\/wp-json\/wp\/v2\/pages\/383\/revisions"}],"predecessor-version":[{"id":387,"href":"https:\/\/elcerrodelalmendral.com\/fr\/wp-json\/wp\/v2\/pages\/383\/revisions\/387"}],"wp:attachment":[{"href":"https:\/\/elcerrodelalmendral.com\/fr\/wp-json\/wp\/v2\/media?parent=383"}],"curies":[{"name":"wp","href":"https:\/\/api.w.org\/{rel}","templated":true}]}}