{"id":363,"date":"2017-01-16T12:30:43","date_gmt":"2017-01-16T10:30:43","guid":{"rendered":"http:\/\/elcerrodelalmendral.com\/?page_id=363"},"modified":"2017-01-16T14:00:04","modified_gmt":"2017-01-16T12:00:04","slug":"ateliers","status":"publish","type":"page","link":"https:\/\/elcerrodelalmendral.com\/fr\/ateliers\/","title":{"rendered":"Ateliers"},"content":{"rendered":"<p><\/p>\n<p class=\"Standard\">Nous souhaitons partager avec vous nos connaissances sur les alentours ainsi que notre implication dans l\u2019\u00e9cologie et l\u2019environnement , pour ce faire nous avons pr\u00e9par\u00e9 plusieurs ateliers dont pourront profiter tous ceux qui le d\u00e9sirent.<\/p>\n<p class=\"Standard\">Nous offrons \u00e0 tous nos h\u00f4tes un atelier gratuit sur place. Il suffit simplement de s\u2019y inscrire au moins une semaine avant la date d\u2019arriv\u00e9e afin d\u2019en fixer le jour et l\u2019heure.<\/p>\n<h2 class=\"Standard\"><i>ATELIER OR LIQUIDE (initiation \u00e0 la D\u00e9gustation D\u2019huile)<\/i><\/h2>\n<p class=\"Standard\">Le poniente granadino est connu pour sa grande tradition dans le domaine des olives . Toute la ferme est entour\u00e9e d\u2019oliviers o\u00f9 a lieu chaque ann\u00e9e la r\u00e9colte afin d\u2019obtenir cet \u00ab or liquide \u00bb tant appr\u00e9ci\u00e9 . Comme les oliviers ne sont pas tous pareils, les huiles obtenues ont des go\u00fbts, des couleurs, des odeurs diff\u00e9rents&#8230;<\/p>\n<p class=\"Standard\">Nous avons choisi 4 vari\u00e9t\u00e9s d\u2019huiles.<\/p>\n<p class=\"Standard\">Nous expliquerons aussi bien leurs caract\u00e9ristiques de base que leurs diff\u00e9rences principales puis nous les go\u00fbterons pour pouvoir en juger par nous- m\u00eames.<\/p>\n<p class=\"Standard\">\u00c0 la fin de chaque participant avec un \u00e9chantillon de quelques-unes des huiles qui nous avons go\u00fbt\u00e9 \u00e9tait loin de donner.<\/p>\n<h2 class=\"Standard\"><i>PROCHAINS ATELIERS<\/i><\/h2>\n<p class=\"Standard\">Nous publierons prochainement de nouveaux ateliers parmi lesquels : m\u00e9ditation mindfulness et yoga , cosm\u00e9tique naturelle, observation de la flore locale, des oiseaux de la r\u00e9gion , la culture de l\u2019olivier, la production d\u2019huile d\u2019olive&#8230;<\/p>\n<p><\/p>","protected":false},"excerpt":{"rendered":"<p>Nous souhaitons partager avec vous nos connaissances sur les alentours ainsi que notre implication dans l\u2019\u00e9cologie et l\u2019environnement , pour ce faire nous avons pr\u00e9par\u00e9 plusieurs ateliers dont pourront profiter tous ceux qui le d\u00e9sirent. Nous offrons \u00e0 tous nos h\u00f4tes un atelier gratuit sur place. Il suffit simplement de s\u2019y inscrire au moins une [&hellip;]<\/p>\n","protected":false},"author":2,"featured_media":0,"parent":0,"menu_order":0,"comment_status":"closed","ping_status":"closed","template":"","meta":{"footnotes":""},"class_list":["post-363","page","type-page","status-publish","hentry"],"yoast_head":"<!-- This site is optimized with the Yoast SEO plugin v27.5 - https:\/\/yoast.com\/product\/yoast-seo-wordpress\/ -->\n<title>Ateliers - (Espa\u00f1ol) El Cerro del Almendral Casa Rural Loja Granada<\/title>\n<meta name=\"robots\" content=\"index, follow, max-snippet:-1, max-image-preview:large, max-video-preview:-1\" \/>\n<link rel=\"canonical\" href=\"https:\/\/elcerrodelalmendral.com\/fr\/ateliers\/\" \/>\n<meta property=\"og:locale\" content=\"fr_FR\" \/>\n<meta property=\"og:type\" content=\"article\" \/>\n<meta property=\"og:title\" content=\"Ateliers - (Espa\u00f1ol) El Cerro del Almendral Casa Rural Loja Granada\" \/>\n<meta property=\"og:description\" content=\"Nous souhaitons partager avec vous nos connaissances sur les alentours ainsi que notre implication dans l\u2019\u00e9cologie et l\u2019environnement , pour ce faire nous avons pr\u00e9par\u00e9 plusieurs ateliers dont pourront profiter tous ceux qui le d\u00e9sirent. Nous offrons \u00e0 tous nos h\u00f4tes un atelier gratuit sur place. Il suffit simplement de s\u2019y inscrire au moins une [&hellip;]\" \/>\n<meta property=\"og:url\" content=\"https:\/\/elcerrodelalmendral.com\/fr\/ateliers\/\" \/>\n<meta property=\"og:site_name\" content=\"(Espa\u00f1ol) El Cerro del Almendral Casa Rural Loja Granada\" \/>\n<meta property=\"article:modified_time\" content=\"2017-01-16T12:00:04+00:00\" \/>\n<meta name=\"twitter:card\" content=\"summary_large_image\" \/>\n<meta name=\"twitter:label1\" content=\"Dur\u00e9e de lecture estim\u00e9e\" \/>\n\t<meta name=\"twitter:data1\" content=\"1 minute\" \/>\n<script type=\"application\/ld+json\" class=\"yoast-schema-graph\">{\"@context\":\"https:\\\/\\\/schema.org\",\"@graph\":[{\"@type\":\"WebPage\",\"@id\":\"https:\\\/\\\/elcerrodelalmendral.com\\\/fr\\\/ateliers\\\/\",\"url\":\"https:\\\/\\\/elcerrodelalmendral.com\\\/fr\\\/ateliers\\\/\",\"name\":\"Ateliers - (Espa\u00f1ol) El Cerro del Almendral Casa Rural Loja Granada\",\"isPartOf\":{\"@id\":\"https:\\\/\\\/elcerrodelalmendral.com\\\/#website\"},\"datePublished\":\"2017-01-16T10:30:43+00:00\",\"dateModified\":\"2017-01-16T12:00:04+00:00\",\"breadcrumb\":{\"@id\":\"https:\\\/\\\/elcerrodelalmendral.com\\\/fr\\\/ateliers\\\/#breadcrumb\"},\"inLanguage\":\"fr-FR\",\"potentialAction\":[{\"@type\":\"ReadAction\",\"target\":[\"https:\\\/\\\/elcerrodelalmendral.com\\\/fr\\\/ateliers\\\/\"]}]},{\"@type\":\"BreadcrumbList\",\"@id\":\"https:\\\/\\\/elcerrodelalmendral.com\\\/fr\\\/ateliers\\\/#breadcrumb\",\"itemListElement\":[{\"@type\":\"ListItem\",\"position\":1,\"name\":\"Portada\",\"item\":\"https:\\\/\\\/elcerrodelalmendral.com\\\/\"},{\"@type\":\"ListItem\",\"position\":2,\"name\":\"Ateliers\"}]},{\"@type\":\"WebSite\",\"@id\":\"https:\\\/\\\/elcerrodelalmendral.com\\\/#website\",\"url\":\"https:\\\/\\\/elcerrodelalmendral.com\\\/\",\"name\":\"(Espa\u00f1ol) El Cerro del Almendral Casa Rural Loja Granada\",\"description\":\"(Espa\u00f1ol) Para\u00edso en el Coraz\u00f3n de Andaluc\u00eda\",\"publisher\":{\"@id\":\"https:\\\/\\\/elcerrodelalmendral.com\\\/#organization\"},\"potentialAction\":[{\"@type\":\"SearchAction\",\"target\":{\"@type\":\"EntryPoint\",\"urlTemplate\":\"https:\\\/\\\/elcerrodelalmendral.com\\\/?s={search_term_string}\"},\"query-input\":{\"@type\":\"PropertyValueSpecification\",\"valueRequired\":true,\"valueName\":\"search_term_string\"}}],\"inLanguage\":\"fr-FR\"},{\"@type\":\"Organization\",\"@id\":\"https:\\\/\\\/elcerrodelalmendral.com\\\/#organization\",\"name\":\"Casa Rural El Cerro del Almendral - Ecosol Rural\",\"url\":\"https:\\\/\\\/elcerrodelalmendral.com\\\/\",\"logo\":{\"@type\":\"ImageObject\",\"inLanguage\":\"fr-FR\",\"@id\":\"https:\\\/\\\/elcerrodelalmendral.com\\\/#\\\/schema\\\/logo\\\/image\\\/\",\"url\":\"https:\\\/\\\/elcerrodelalmendral.com\\\/wp-content\\\/uploads\\\/2016\\\/05\\\/logo300x165.png\",\"contentUrl\":\"https:\\\/\\\/elcerrodelalmendral.com\\\/wp-content\\\/uploads\\\/2016\\\/05\\\/logo300x165.png\",\"width\":300,\"height\":165,\"caption\":\"Casa Rural El Cerro del Almendral - Ecosol Rural\"},\"image\":{\"@id\":\"https:\\\/\\\/elcerrodelalmendral.com\\\/#\\\/schema\\\/logo\\\/image\\\/\"}}]}<\/script>\n<!-- \/ Yoast SEO plugin. -->","yoast_head_json":{"title":"Ateliers - (Espa\u00f1ol) El Cerro del Almendral Casa Rural Loja Granada","robots":{"index":"index","follow":"follow","max-snippet":"max-snippet:-1","max-image-preview":"max-image-preview:large","max-video-preview":"max-video-preview:-1"},"canonical":"https:\/\/elcerrodelalmendral.com\/fr\/ateliers\/","og_locale":"fr_FR","og_type":"article","og_title":"Ateliers - (Espa\u00f1ol) El Cerro del Almendral Casa Rural Loja Granada","og_description":"Nous souhaitons partager avec vous nos connaissances sur les alentours ainsi que notre implication dans l\u2019\u00e9cologie et l\u2019environnement , pour ce faire nous avons pr\u00e9par\u00e9 plusieurs ateliers dont pourront profiter tous ceux qui le d\u00e9sirent. Nous offrons \u00e0 tous nos h\u00f4tes un atelier gratuit sur place. Il suffit simplement de s\u2019y inscrire au moins une [&hellip;]","og_url":"https:\/\/elcerrodelalmendral.com\/fr\/ateliers\/","og_site_name":"(Espa\u00f1ol) El Cerro del Almendral Casa Rural Loja Granada","article_modified_time":"2017-01-16T12:00:04+00:00","twitter_card":"summary_large_image","twitter_misc":{"Dur\u00e9e de lecture estim\u00e9e":"1 minute"},"schema":{"@context":"https:\/\/schema.org","@graph":[{"@type":"WebPage","@id":"https:\/\/elcerrodelalmendral.com\/fr\/ateliers\/","url":"https:\/\/elcerrodelalmendral.com\/fr\/ateliers\/","name":"Ateliers - (Espa\u00f1ol) El Cerro del Almendral Casa Rural Loja Granada","isPartOf":{"@id":"https:\/\/elcerrodelalmendral.com\/#website"},"datePublished":"2017-01-16T10:30:43+00:00","dateModified":"2017-01-16T12:00:04+00:00","breadcrumb":{"@id":"https:\/\/elcerrodelalmendral.com\/fr\/ateliers\/#breadcrumb"},"inLanguage":"fr-FR","potentialAction":[{"@type":"ReadAction","target":["https:\/\/elcerrodelalmendral.com\/fr\/ateliers\/"]}]},{"@type":"BreadcrumbList","@id":"https:\/\/elcerrodelalmendral.com\/fr\/ateliers\/#breadcrumb","itemListElement":[{"@type":"ListItem","position":1,"name":"Portada","item":"https:\/\/elcerrodelalmendral.com\/"},{"@type":"ListItem","position":2,"name":"Ateliers"}]},{"@type":"WebSite","@id":"https:\/\/elcerrodelalmendral.com\/#website","url":"https:\/\/elcerrodelalmendral.com\/","name":"(Espa\u00f1ol) El Cerro del Almendral Casa Rural Loja Granada","description":"(Espa\u00f1ol) Para\u00edso en el Coraz\u00f3n de Andaluc\u00eda","publisher":{"@id":"https:\/\/elcerrodelalmendral.com\/#organization"},"potentialAction":[{"@type":"SearchAction","target":{"@type":"EntryPoint","urlTemplate":"https:\/\/elcerrodelalmendral.com\/?s={search_term_string}"},"query-input":{"@type":"PropertyValueSpecification","valueRequired":true,"valueName":"search_term_string"}}],"inLanguage":"fr-FR"},{"@type":"Organization","@id":"https:\/\/elcerrodelalmendral.com\/#organization","name":"Casa Rural El Cerro del Almendral - Ecosol Rural","url":"https:\/\/elcerrodelalmendral.com\/","logo":{"@type":"ImageObject","inLanguage":"fr-FR","@id":"https:\/\/elcerrodelalmendral.com\/#\/schema\/logo\/image\/","url":"https:\/\/elcerrodelalmendral.com\/wp-content\/uploads\/2016\/05\/logo300x165.png","contentUrl":"https:\/\/elcerrodelalmendral.com\/wp-content\/uploads\/2016\/05\/logo300x165.png","width":300,"height":165,"caption":"Casa Rural El Cerro del Almendral - Ecosol Rural"},"image":{"@id":"https:\/\/elcerrodelalmendral.com\/#\/schema\/logo\/image\/"}}]}},"_links":{"self":[{"href":"https:\/\/elcerrodelalmendral.com\/fr\/wp-json\/wp\/v2\/pages\/363","targetHints":{"allow":["GET"]}}],"collection":[{"href":"https:\/\/elcerrodelalmendral.com\/fr\/wp-json\/wp\/v2\/pages"}],"about":[{"href":"https:\/\/elcerrodelalmendral.com\/fr\/wp-json\/wp\/v2\/types\/page"}],"author":[{"embeddable":true,"href":"https:\/\/elcerrodelalmendral.com\/fr\/wp-json\/wp\/v2\/users\/2"}],"replies":[{"embeddable":true,"href":"https:\/\/elcerrodelalmendral.com\/fr\/wp-json\/wp\/v2\/comments?post=363"}],"version-history":[{"count":2,"href":"https:\/\/elcerrodelalmendral.com\/fr\/wp-json\/wp\/v2\/pages\/363\/revisions"}],"predecessor-version":[{"id":376,"href":"https:\/\/elcerrodelalmendral.com\/fr\/wp-json\/wp\/v2\/pages\/363\/revisions\/376"}],"wp:attachment":[{"href":"https:\/\/elcerrodelalmendral.com\/fr\/wp-json\/wp\/v2\/media?parent=363"}],"curies":[{"name":"wp","href":"https:\/\/api.w.org\/{rel}","templated":true}]}}