{"id":360,"date":"2017-01-16T12:26:24","date_gmt":"2017-01-16T10:26:24","guid":{"rendered":"http:\/\/elcerrodelalmendral.com\/?page_id=360"},"modified":"2023-05-04T10:04:56","modified_gmt":"2023-05-04T08:04:56","slug":"tarifs-et-reservations","status":"publish","type":"page","link":"https:\/\/elcerrodelalmendral.com\/fr\/tarifs-et-reservations\/","title":{"rendered":"Tarifs et R\u00e9se"},"content":{"rendered":"<p><\/p>\n<table width=\"100%\" bgcolor=\"81803d\">\n<tbody>\n<tr>\n<td><span style=\"color: #ffffff;\"><strong>1 Semaine &#8211; Haute Saison (Juillet, Ao\u00fbt, No\u00ebl, et Semaine Sainte)<\/strong><\/span><\/td>\n<td><span style=\"color: #ffffff;\">1820 \u20ac<\/span><\/td>\n<\/tr>\n<tr>\n<td><span style=\"color: #ffffff;\"><strong>1 Semaine &#8211; Basse saison (Reste de l\u2019ann\u00e9e)<\/strong><\/span><\/td>\n<td><span style=\"color: #ffffff;\">1470 \u20ac<\/span><\/td>\n<\/tr>\n<tr>\n<td><span style=\"color: #ffffff;\"><strong>Ponts National (3 nuits minimum, nuit extra 240\u20ac)<\/strong><\/span><\/td>\n<td><span style=\"color: #ffffff;\">780 \u20ac<\/span><\/td>\n<\/tr>\n<tr>\n<td><span style=\"color: #ffffff;\"><strong>Caution<\/strong><\/span><\/td>\n<td><span style=\"color: #ffffff;\">250 \u20ac<\/span><\/td>\n<\/tr>\n<tr>\n<td colspan=\"4\"><span style=\"color: #ffffff;\">Prix en euros et <strong>TVA inclus<\/strong>. <strong>Haute Saison<\/strong>: Du 1er Juillet au 31 Ao\u00fbt inclus, Semaine Sainte, No\u00ebl.<\/span><\/td>\n<\/tr>\n<tr>\n<td colspan=\"4\"><span style=\"color: #ffffff;\"><strong>Les prix sont exprim\u00e9s en euros et incluent la TVA. La maison est lou\u00e9e dans son ensemble. Capacit\u00e9 maximale de 10 personnes.<\/strong><\/span><\/td>\n<\/tr>\n<\/tbody>\n<\/table>\n<p align=\"justify\">Une fois la r\u00e9servation effectu\u00e9e, nous vous ferons parvenir des informations d\u00e9taill\u00e9es sur la fa\u00e7on d&rsquo;obtenir et d&rsquo;acc\u00e8s<br \/>\nferme.<\/p>\n<p><\/p>","protected":false},"excerpt":{"rendered":"<p>1 Semaine &#8211; Haute Saison (Juillet, Ao\u00fbt, No\u00ebl, et Semaine Sainte) 1820 \u20ac 1 Semaine &#8211; Basse saison (Reste de l\u2019ann\u00e9e) 1470 \u20ac Ponts National (3 nuits minimum, nuit extra 240\u20ac) 780 \u20ac Caution 250 \u20ac Prix en euros et TVA inclus. Haute Saison: Du 1er Juillet au 31 Ao\u00fbt inclus, Semaine Sainte, No\u00ebl. Les [&hellip;]<\/p>\n","protected":false},"author":2,"featured_media":0,"parent":0,"menu_order":0,"comment_status":"closed","ping_status":"closed","template":"","meta":{"footnotes":""},"class_list":["post-360","page","type-page","status-publish","hentry"],"yoast_head":"<!-- This site is optimized with the Yoast SEO plugin v27.3 - https:\/\/yoast.com\/product\/yoast-seo-wordpress\/ -->\n<title>Tarifs et R\u00e9se - (Espa\u00f1ol) El Cerro del Almendral Casa Rural Loja Granada<\/title>\n<meta name=\"robots\" content=\"index, follow, max-snippet:-1, max-image-preview:large, max-video-preview:-1\" \/>\n<link rel=\"canonical\" href=\"https:\/\/elcerrodelalmendral.com\/francais-tarifs-et-reservations\/\" \/>\n<meta property=\"og:locale\" content=\"fr_FR\" \/>\n<meta property=\"og:type\" content=\"article\" \/>\n<meta property=\"og:title\" content=\"Tarifs et R\u00e9se - (Espa\u00f1ol) El Cerro del Almendral Casa Rural Loja Granada\" \/>\n<meta property=\"og:description\" content=\"1 Semaine &#8211; Haute Saison (Juillet, Ao\u00fbt, No\u00ebl, et Semaine Sainte) 1820 \u20ac 1 Semaine &#8211; Basse saison (Reste de l\u2019ann\u00e9e) 1470 \u20ac Ponts National (3 nuits minimum, nuit extra 240\u20ac) 780 \u20ac Caution 250 \u20ac Prix en euros et TVA inclus. Haute Saison: Du 1er Juillet au 31 Ao\u00fbt inclus, Semaine Sainte, No\u00ebl. Les [&hellip;]\" \/>\n<meta property=\"og:url\" content=\"https:\/\/elcerrodelalmendral.com\/francais-tarifs-et-reservations\/\" \/>\n<meta property=\"og:site_name\" content=\"(Espa\u00f1ol) El Cerro del Almendral Casa Rural Loja Granada\" \/>\n<meta property=\"article:modified_time\" content=\"2023-05-04T08:04:56+00:00\" \/>\n<meta name=\"twitter:card\" content=\"summary_large_image\" \/>\n<script type=\"application\/ld+json\" class=\"yoast-schema-graph\">{\"@context\":\"https:\\\/\\\/schema.org\",\"@graph\":[{\"@type\":\"WebPage\",\"@id\":\"https:\\\/\\\/elcerrodelalmendral.com\\\/francais-tarifs-et-reservations\\\/\",\"url\":\"https:\\\/\\\/elcerrodelalmendral.com\\\/francais-tarifs-et-reservations\\\/\",\"name\":\"Tarifs et R\u00e9se - (Espa\u00f1ol) El Cerro del Almendral Casa Rural Loja Granada\",\"isPartOf\":{\"@id\":\"https:\\\/\\\/elcerrodelalmendral.com\\\/#website\"},\"datePublished\":\"2017-01-16T10:26:24+00:00\",\"dateModified\":\"2023-05-04T08:04:56+00:00\",\"breadcrumb\":{\"@id\":\"https:\\\/\\\/elcerrodelalmendral.com\\\/francais-tarifs-et-reservations\\\/#breadcrumb\"},\"inLanguage\":\"fr-FR\",\"potentialAction\":[{\"@type\":\"ReadAction\",\"target\":[\"https:\\\/\\\/elcerrodelalmendral.com\\\/francais-tarifs-et-reservations\\\/\"]}]},{\"@type\":\"BreadcrumbList\",\"@id\":\"https:\\\/\\\/elcerrodelalmendral.com\\\/francais-tarifs-et-reservations\\\/#breadcrumb\",\"itemListElement\":[{\"@type\":\"ListItem\",\"position\":1,\"name\":\"Portada\",\"item\":\"https:\\\/\\\/elcerrodelalmendral.com\\\/\"},{\"@type\":\"ListItem\",\"position\":2,\"name\":\"[:fr]Tarifs et R\u00e9se[:]\"}]},{\"@type\":\"WebSite\",\"@id\":\"https:\\\/\\\/elcerrodelalmendral.com\\\/#website\",\"url\":\"https:\\\/\\\/elcerrodelalmendral.com\\\/\",\"name\":\"(Espa\u00f1ol) El Cerro del Almendral Casa Rural Loja Granada\",\"description\":\"(Espa\u00f1ol) Para\u00edso en el Coraz\u00f3n de Andaluc\u00eda\",\"publisher\":{\"@id\":\"https:\\\/\\\/elcerrodelalmendral.com\\\/#organization\"},\"potentialAction\":[{\"@type\":\"SearchAction\",\"target\":{\"@type\":\"EntryPoint\",\"urlTemplate\":\"https:\\\/\\\/elcerrodelalmendral.com\\\/?s={search_term_string}\"},\"query-input\":{\"@type\":\"PropertyValueSpecification\",\"valueRequired\":true,\"valueName\":\"search_term_string\"}}],\"inLanguage\":\"fr-FR\"},{\"@type\":\"Organization\",\"@id\":\"https:\\\/\\\/elcerrodelalmendral.com\\\/#organization\",\"name\":\"Casa Rural El Cerro del Almendral - Ecosol Rural\",\"url\":\"https:\\\/\\\/elcerrodelalmendral.com\\\/\",\"logo\":{\"@type\":\"ImageObject\",\"inLanguage\":\"fr-FR\",\"@id\":\"https:\\\/\\\/elcerrodelalmendral.com\\\/#\\\/schema\\\/logo\\\/image\\\/\",\"url\":\"https:\\\/\\\/elcerrodelalmendral.com\\\/wp-content\\\/uploads\\\/2016\\\/05\\\/logo300x165.png\",\"contentUrl\":\"https:\\\/\\\/elcerrodelalmendral.com\\\/wp-content\\\/uploads\\\/2016\\\/05\\\/logo300x165.png\",\"width\":300,\"height\":165,\"caption\":\"Casa Rural El Cerro del Almendral - Ecosol Rural\"},\"image\":{\"@id\":\"https:\\\/\\\/elcerrodelalmendral.com\\\/#\\\/schema\\\/logo\\\/image\\\/\"}}]}<\/script>\n<!-- \/ Yoast SEO plugin. -->","yoast_head_json":{"title":"Tarifs et R\u00e9se - (Espa\u00f1ol) El Cerro del Almendral Casa Rural Loja Granada","robots":{"index":"index","follow":"follow","max-snippet":"max-snippet:-1","max-image-preview":"max-image-preview:large","max-video-preview":"max-video-preview:-1"},"canonical":"https:\/\/elcerrodelalmendral.com\/francais-tarifs-et-reservations\/","og_locale":"fr_FR","og_type":"article","og_title":"Tarifs et R\u00e9se - (Espa\u00f1ol) El Cerro del Almendral Casa Rural Loja Granada","og_description":"1 Semaine &#8211; Haute Saison (Juillet, Ao\u00fbt, No\u00ebl, et Semaine Sainte) 1820 \u20ac 1 Semaine &#8211; Basse saison (Reste de l\u2019ann\u00e9e) 1470 \u20ac Ponts National (3 nuits minimum, nuit extra 240\u20ac) 780 \u20ac Caution 250 \u20ac Prix en euros et TVA inclus. Haute Saison: Du 1er Juillet au 31 Ao\u00fbt inclus, Semaine Sainte, No\u00ebl. Les [&hellip;]","og_url":"https:\/\/elcerrodelalmendral.com\/francais-tarifs-et-reservations\/","og_site_name":"(Espa\u00f1ol) El Cerro del Almendral Casa Rural Loja Granada","article_modified_time":"2023-05-04T08:04:56+00:00","twitter_card":"summary_large_image","schema":{"@context":"https:\/\/schema.org","@graph":[{"@type":"WebPage","@id":"https:\/\/elcerrodelalmendral.com\/francais-tarifs-et-reservations\/","url":"https:\/\/elcerrodelalmendral.com\/francais-tarifs-et-reservations\/","name":"Tarifs et R\u00e9se - (Espa\u00f1ol) El Cerro del Almendral Casa Rural Loja Granada","isPartOf":{"@id":"https:\/\/elcerrodelalmendral.com\/#website"},"datePublished":"2017-01-16T10:26:24+00:00","dateModified":"2023-05-04T08:04:56+00:00","breadcrumb":{"@id":"https:\/\/elcerrodelalmendral.com\/francais-tarifs-et-reservations\/#breadcrumb"},"inLanguage":"fr-FR","potentialAction":[{"@type":"ReadAction","target":["https:\/\/elcerrodelalmendral.com\/francais-tarifs-et-reservations\/"]}]},{"@type":"BreadcrumbList","@id":"https:\/\/elcerrodelalmendral.com\/francais-tarifs-et-reservations\/#breadcrumb","itemListElement":[{"@type":"ListItem","position":1,"name":"Portada","item":"https:\/\/elcerrodelalmendral.com\/"},{"@type":"ListItem","position":2,"name":"[:fr]Tarifs et R\u00e9se[:]"}]},{"@type":"WebSite","@id":"https:\/\/elcerrodelalmendral.com\/#website","url":"https:\/\/elcerrodelalmendral.com\/","name":"(Espa\u00f1ol) El Cerro del Almendral Casa Rural Loja Granada","description":"(Espa\u00f1ol) Para\u00edso en el Coraz\u00f3n de Andaluc\u00eda","publisher":{"@id":"https:\/\/elcerrodelalmendral.com\/#organization"},"potentialAction":[{"@type":"SearchAction","target":{"@type":"EntryPoint","urlTemplate":"https:\/\/elcerrodelalmendral.com\/?s={search_term_string}"},"query-input":{"@type":"PropertyValueSpecification","valueRequired":true,"valueName":"search_term_string"}}],"inLanguage":"fr-FR"},{"@type":"Organization","@id":"https:\/\/elcerrodelalmendral.com\/#organization","name":"Casa Rural El Cerro del Almendral - Ecosol Rural","url":"https:\/\/elcerrodelalmendral.com\/","logo":{"@type":"ImageObject","inLanguage":"fr-FR","@id":"https:\/\/elcerrodelalmendral.com\/#\/schema\/logo\/image\/","url":"https:\/\/elcerrodelalmendral.com\/wp-content\/uploads\/2016\/05\/logo300x165.png","contentUrl":"https:\/\/elcerrodelalmendral.com\/wp-content\/uploads\/2016\/05\/logo300x165.png","width":300,"height":165,"caption":"Casa Rural El Cerro del Almendral - Ecosol Rural"},"image":{"@id":"https:\/\/elcerrodelalmendral.com\/#\/schema\/logo\/image\/"}}]}},"_links":{"self":[{"href":"https:\/\/elcerrodelalmendral.com\/fr\/wp-json\/wp\/v2\/pages\/360","targetHints":{"allow":["GET"]}}],"collection":[{"href":"https:\/\/elcerrodelalmendral.com\/fr\/wp-json\/wp\/v2\/pages"}],"about":[{"href":"https:\/\/elcerrodelalmendral.com\/fr\/wp-json\/wp\/v2\/types\/page"}],"author":[{"embeddable":true,"href":"https:\/\/elcerrodelalmendral.com\/fr\/wp-json\/wp\/v2\/users\/2"}],"replies":[{"embeddable":true,"href":"https:\/\/elcerrodelalmendral.com\/fr\/wp-json\/wp\/v2\/comments?post=360"}],"version-history":[{"count":9,"href":"https:\/\/elcerrodelalmendral.com\/fr\/wp-json\/wp\/v2\/pages\/360\/revisions"}],"predecessor-version":[{"id":494,"href":"https:\/\/elcerrodelalmendral.com\/fr\/wp-json\/wp\/v2\/pages\/360\/revisions\/494"}],"wp:attachment":[{"href":"https:\/\/elcerrodelalmendral.com\/fr\/wp-json\/wp\/v2\/media?parent=360"}],"curies":[{"name":"wp","href":"https:\/\/api.w.org\/{rel}","templated":true}]}}