{"id":357,"date":"2017-01-16T12:23:46","date_gmt":"2017-01-16T10:23:46","guid":{"rendered":"http:\/\/elcerrodelalmendral.com\/?page_id=357"},"modified":"2023-03-31T12:50:33","modified_gmt":"2023-03-31T10:50:33","slug":"lenvironnement","status":"publish","type":"page","link":"https:\/\/elcerrodelalmendral.com\/fr\/lenvironnement\/","title":{"rendered":"L&rsquo;environnement"},"content":{"rendered":"<p><\/p>\n<p align=\"justify\">Le g\u00eete \u00ab\u00a0El Cerro del Almendral\u00a0\u00bb se trouve sur une ancienne route reliant la c\u00f4te et l\u2019int\u00e9rieur \u00e0 travers des collines essaim\u00e9es de vestiges n\u00e9olithiques . La maison aux vues spectaculaires sur la campagne \u00a0qui l\u2019entoure est devenue un lieu de repos pour les voyageurs qui passaient le col de Puerto Blanquillo.<\/p>\n<p align=\"justify\">De nos jours l\u2019endroit est entour\u00e9 de paix, de tranquillit\u00e9 ,\u00a0 de faune et de flore sauvage , d\u2019oliveraies. La ferme \u00a0a \u00e9t\u00e9 habit\u00e9e par les diff\u00e9rentes g\u00e9n\u00e9rations qui se sont succ\u00e9d\u00e9 pour travailler les terres\u00a0 alentour.<\/p>\n<p align=\"justify\">Elle \u00a0doit son \u00a0joli nom \u00e0 la colline autrefois plant\u00e9e d\u2019amandiers au pied\u00a0 de laquelle elle se trouve. Malheureusement un grand incendie\u00a0 a ravag\u00e9 la presque totalit\u00e9 de ces amandiers mais elle a n\u00e9anmoins \u00a0conserv\u00e9 son nom d\u2019origine.<\/p>\n<p align=\"justify\">Au fil des ans la colline a \u00e9t\u00e9 rebois\u00e9e et aujourd\u2019hui elle est couverte de ch\u00eanes verts ,d\u2019amandiers , de gen\u00eats et d\u2019une grande vari\u00e9t\u00e9 de fleurs des champs.<\/p>\n<p align=\"justify\">Le tourisme durable et respectueux de l\u2019environnement est tr\u00e8s important, c\u2019est pourquoi des mesures qui\u00a0 le rendent\u00a0 possible ont \u00e9t\u00e9\u00a0 prises lors des travaux de r\u00e9novation\u00a0: utilisation d\u2019 \u00e9nergies renouvelables , solaire pour l\u2019eau chaude sanitaire et la climatisation.\u00a0 L\u2019eau de pluie est recueillie \u00a0dans un r\u00e9servoir\u00a0 tout comme\u00a0 l\u2019eau d\u2019une petite source\u00a0 qui permet d\u2019 arroser le jardin ,d\u2019 alimenter la piscine \u00a0ainsi qu\u2019une fontaine au murmure \u00a0apaisant \u00a0et rafra\u00eechIssant. Le bois utilis\u00e9 pour la chemin\u00e9e et le barbecue provient de la taille des oliviers qui entourent la ferme.<\/p>\n<p align=\"justify\">Depuis la terrasse on peut profiter de beaux couchers de soleils qui invitent \u00e0 d\u00e9guster ce que l\u2019on vient de pr\u00e9parer au barbecue , dans un oasis de tranquillit\u00e9.<\/p>\n<p align=\"justify\">Nous mettons \u00e0 votre disposition un logement de qualit\u00e9 en pleine campagne du Poniente Granadino o\u00f9 vous pourrez vous d\u00e9tendre et profiter de la nature en famille ou entre amis. La ferme conserve son aspect d\u2019origine et nous sommes s\u00fbrs que vous profiterez d\u2019un authentique repos \u00a0\u00e0\u00a0 l\u2019 Andalouse. Elle est situ\u00e9e \u00e0 20 kilom\u00e8tres de Loja , la ville la plus importante\u00a0 de la r\u00e9gion , \u00e0 4 km de Ventorros de San Jos\u00e9 et de Zagra les bourgs les plus proches o\u00f9 se trouvent commerces et restaurants et \u00e0 1 km de La Vi\u00f1a. Sa situation au c\u0153ur de l\u2019 Andalousie facilite la visite et permet de profiter\u00a0 de ce que nous offrent\u00a0 la Province de Grenade et celles de Malaga et de Cordoue toutes proches.<\/p>\n<p><\/p>","protected":false},"excerpt":{"rendered":"<p>Le g\u00eete \u00ab\u00a0El Cerro del Almendral\u00a0\u00bb se trouve sur une ancienne route reliant la c\u00f4te et l\u2019int\u00e9rieur \u00e0 travers des collines essaim\u00e9es de vestiges n\u00e9olithiques . La maison aux vues spectaculaires sur la campagne \u00a0qui l\u2019entoure est devenue un lieu de repos pour les voyageurs qui passaient le col de Puerto Blanquillo. De nos jours [&hellip;]<\/p>\n","protected":false},"author":2,"featured_media":0,"parent":0,"menu_order":0,"comment_status":"closed","ping_status":"closed","template":"","meta":{"footnotes":""},"class_list":["post-357","page","type-page","status-publish","hentry"],"yoast_head":"<!-- This site is optimized with the Yoast SEO plugin v27.3 - https:\/\/yoast.com\/product\/yoast-seo-wordpress\/ -->\n<title>L&#039;environnement - (Espa\u00f1ol) El Cerro del Almendral Casa Rural Loja Granada<\/title>\n<meta name=\"robots\" content=\"index, follow, max-snippet:-1, max-image-preview:large, max-video-preview:-1\" \/>\n<link rel=\"canonical\" href=\"https:\/\/elcerrodelalmendral.com\/francais-lenvironnement\/\" \/>\n<meta property=\"og:locale\" content=\"fr_FR\" \/>\n<meta property=\"og:type\" content=\"article\" \/>\n<meta property=\"og:title\" content=\"L&#039;environnement - (Espa\u00f1ol) El Cerro del Almendral Casa Rural Loja Granada\" \/>\n<meta property=\"og:description\" content=\"Le g\u00eete \u00ab\u00a0El Cerro del Almendral\u00a0\u00bb se trouve sur une ancienne route reliant la c\u00f4te et l\u2019int\u00e9rieur \u00e0 travers des collines essaim\u00e9es de vestiges n\u00e9olithiques . La maison aux vues spectaculaires sur la campagne \u00a0qui l\u2019entoure est devenue un lieu de repos pour les voyageurs qui passaient le col de Puerto Blanquillo. De nos jours [&hellip;]\" \/>\n<meta property=\"og:url\" content=\"https:\/\/elcerrodelalmendral.com\/francais-lenvironnement\/\" \/>\n<meta property=\"og:site_name\" content=\"(Espa\u00f1ol) El Cerro del Almendral Casa Rural Loja Granada\" \/>\n<meta property=\"article:modified_time\" content=\"2023-03-31T10:50:33+00:00\" \/>\n<meta name=\"twitter:card\" content=\"summary_large_image\" \/>\n<meta name=\"twitter:label1\" content=\"Dur\u00e9e de lecture estim\u00e9e\" \/>\n\t<meta name=\"twitter:data1\" content=\"2 minutes\" \/>\n<script type=\"application\/ld+json\" class=\"yoast-schema-graph\">{\"@context\":\"https:\\\/\\\/schema.org\",\"@graph\":[{\"@type\":\"WebPage\",\"@id\":\"https:\\\/\\\/elcerrodelalmendral.com\\\/francais-lenvironnement\\\/\",\"url\":\"https:\\\/\\\/elcerrodelalmendral.com\\\/francais-lenvironnement\\\/\",\"name\":\"L'environnement - (Espa\u00f1ol) El Cerro del Almendral Casa Rural Loja Granada\",\"isPartOf\":{\"@id\":\"https:\\\/\\\/elcerrodelalmendral.com\\\/#website\"},\"datePublished\":\"2017-01-16T10:23:46+00:00\",\"dateModified\":\"2023-03-31T10:50:33+00:00\",\"breadcrumb\":{\"@id\":\"https:\\\/\\\/elcerrodelalmendral.com\\\/francais-lenvironnement\\\/#breadcrumb\"},\"inLanguage\":\"fr-FR\",\"potentialAction\":[{\"@type\":\"ReadAction\",\"target\":[\"https:\\\/\\\/elcerrodelalmendral.com\\\/francais-lenvironnement\\\/\"]}]},{\"@type\":\"BreadcrumbList\",\"@id\":\"https:\\\/\\\/elcerrodelalmendral.com\\\/francais-lenvironnement\\\/#breadcrumb\",\"itemListElement\":[{\"@type\":\"ListItem\",\"position\":1,\"name\":\"Portada\",\"item\":\"https:\\\/\\\/elcerrodelalmendral.com\\\/\"},{\"@type\":\"ListItem\",\"position\":2,\"name\":\"(Fran\u00e7ais) L&#8217;environnement\"}]},{\"@type\":\"WebSite\",\"@id\":\"https:\\\/\\\/elcerrodelalmendral.com\\\/#website\",\"url\":\"https:\\\/\\\/elcerrodelalmendral.com\\\/\",\"name\":\"(Espa\u00f1ol) El Cerro del Almendral Casa Rural Loja Granada\",\"description\":\"(Espa\u00f1ol) Para\u00edso en el Coraz\u00f3n de Andaluc\u00eda\",\"publisher\":{\"@id\":\"https:\\\/\\\/elcerrodelalmendral.com\\\/#organization\"},\"potentialAction\":[{\"@type\":\"SearchAction\",\"target\":{\"@type\":\"EntryPoint\",\"urlTemplate\":\"https:\\\/\\\/elcerrodelalmendral.com\\\/?s={search_term_string}\"},\"query-input\":{\"@type\":\"PropertyValueSpecification\",\"valueRequired\":true,\"valueName\":\"search_term_string\"}}],\"inLanguage\":\"fr-FR\"},{\"@type\":\"Organization\",\"@id\":\"https:\\\/\\\/elcerrodelalmendral.com\\\/#organization\",\"name\":\"Casa Rural El Cerro del Almendral - Ecosol Rural\",\"url\":\"https:\\\/\\\/elcerrodelalmendral.com\\\/\",\"logo\":{\"@type\":\"ImageObject\",\"inLanguage\":\"fr-FR\",\"@id\":\"https:\\\/\\\/elcerrodelalmendral.com\\\/#\\\/schema\\\/logo\\\/image\\\/\",\"url\":\"https:\\\/\\\/elcerrodelalmendral.com\\\/wp-content\\\/uploads\\\/2016\\\/05\\\/logo300x165.png\",\"contentUrl\":\"https:\\\/\\\/elcerrodelalmendral.com\\\/wp-content\\\/uploads\\\/2016\\\/05\\\/logo300x165.png\",\"width\":300,\"height\":165,\"caption\":\"Casa Rural El Cerro del Almendral - Ecosol Rural\"},\"image\":{\"@id\":\"https:\\\/\\\/elcerrodelalmendral.com\\\/#\\\/schema\\\/logo\\\/image\\\/\"}}]}<\/script>\n<!-- \/ Yoast SEO plugin. -->","yoast_head_json":{"title":"L'environnement - (Espa\u00f1ol) El Cerro del Almendral Casa Rural Loja Granada","robots":{"index":"index","follow":"follow","max-snippet":"max-snippet:-1","max-image-preview":"max-image-preview:large","max-video-preview":"max-video-preview:-1"},"canonical":"https:\/\/elcerrodelalmendral.com\/francais-lenvironnement\/","og_locale":"fr_FR","og_type":"article","og_title":"L'environnement - (Espa\u00f1ol) El Cerro del Almendral Casa Rural Loja Granada","og_description":"Le g\u00eete \u00ab\u00a0El Cerro del Almendral\u00a0\u00bb se trouve sur une ancienne route reliant la c\u00f4te et l\u2019int\u00e9rieur \u00e0 travers des collines essaim\u00e9es de vestiges n\u00e9olithiques . La maison aux vues spectaculaires sur la campagne \u00a0qui l\u2019entoure est devenue un lieu de repos pour les voyageurs qui passaient le col de Puerto Blanquillo. De nos jours [&hellip;]","og_url":"https:\/\/elcerrodelalmendral.com\/francais-lenvironnement\/","og_site_name":"(Espa\u00f1ol) El Cerro del Almendral Casa Rural Loja Granada","article_modified_time":"2023-03-31T10:50:33+00:00","twitter_card":"summary_large_image","twitter_misc":{"Dur\u00e9e de lecture estim\u00e9e":"2 minutes"},"schema":{"@context":"https:\/\/schema.org","@graph":[{"@type":"WebPage","@id":"https:\/\/elcerrodelalmendral.com\/francais-lenvironnement\/","url":"https:\/\/elcerrodelalmendral.com\/francais-lenvironnement\/","name":"L'environnement - (Espa\u00f1ol) El Cerro del Almendral Casa Rural Loja Granada","isPartOf":{"@id":"https:\/\/elcerrodelalmendral.com\/#website"},"datePublished":"2017-01-16T10:23:46+00:00","dateModified":"2023-03-31T10:50:33+00:00","breadcrumb":{"@id":"https:\/\/elcerrodelalmendral.com\/francais-lenvironnement\/#breadcrumb"},"inLanguage":"fr-FR","potentialAction":[{"@type":"ReadAction","target":["https:\/\/elcerrodelalmendral.com\/francais-lenvironnement\/"]}]},{"@type":"BreadcrumbList","@id":"https:\/\/elcerrodelalmendral.com\/francais-lenvironnement\/#breadcrumb","itemListElement":[{"@type":"ListItem","position":1,"name":"Portada","item":"https:\/\/elcerrodelalmendral.com\/"},{"@type":"ListItem","position":2,"name":"(Fran\u00e7ais) L&#8217;environnement"}]},{"@type":"WebSite","@id":"https:\/\/elcerrodelalmendral.com\/#website","url":"https:\/\/elcerrodelalmendral.com\/","name":"(Espa\u00f1ol) El Cerro del Almendral Casa Rural Loja Granada","description":"(Espa\u00f1ol) Para\u00edso en el Coraz\u00f3n de Andaluc\u00eda","publisher":{"@id":"https:\/\/elcerrodelalmendral.com\/#organization"},"potentialAction":[{"@type":"SearchAction","target":{"@type":"EntryPoint","urlTemplate":"https:\/\/elcerrodelalmendral.com\/?s={search_term_string}"},"query-input":{"@type":"PropertyValueSpecification","valueRequired":true,"valueName":"search_term_string"}}],"inLanguage":"fr-FR"},{"@type":"Organization","@id":"https:\/\/elcerrodelalmendral.com\/#organization","name":"Casa Rural El Cerro del Almendral - Ecosol Rural","url":"https:\/\/elcerrodelalmendral.com\/","logo":{"@type":"ImageObject","inLanguage":"fr-FR","@id":"https:\/\/elcerrodelalmendral.com\/#\/schema\/logo\/image\/","url":"https:\/\/elcerrodelalmendral.com\/wp-content\/uploads\/2016\/05\/logo300x165.png","contentUrl":"https:\/\/elcerrodelalmendral.com\/wp-content\/uploads\/2016\/05\/logo300x165.png","width":300,"height":165,"caption":"Casa Rural El Cerro del Almendral - Ecosol Rural"},"image":{"@id":"https:\/\/elcerrodelalmendral.com\/#\/schema\/logo\/image\/"}}]}},"_links":{"self":[{"href":"https:\/\/elcerrodelalmendral.com\/fr\/wp-json\/wp\/v2\/pages\/357","targetHints":{"allow":["GET"]}}],"collection":[{"href":"https:\/\/elcerrodelalmendral.com\/fr\/wp-json\/wp\/v2\/pages"}],"about":[{"href":"https:\/\/elcerrodelalmendral.com\/fr\/wp-json\/wp\/v2\/types\/page"}],"author":[{"embeddable":true,"href":"https:\/\/elcerrodelalmendral.com\/fr\/wp-json\/wp\/v2\/users\/2"}],"replies":[{"embeddable":true,"href":"https:\/\/elcerrodelalmendral.com\/fr\/wp-json\/wp\/v2\/comments?post=357"}],"version-history":[{"count":4,"href":"https:\/\/elcerrodelalmendral.com\/fr\/wp-json\/wp\/v2\/pages\/357\/revisions"}],"predecessor-version":[{"id":483,"href":"https:\/\/elcerrodelalmendral.com\/fr\/wp-json\/wp\/v2\/pages\/357\/revisions\/483"}],"wp:attachment":[{"href":"https:\/\/elcerrodelalmendral.com\/fr\/wp-json\/wp\/v2\/media?parent=357"}],"curies":[{"name":"wp","href":"https:\/\/api.w.org\/{rel}","templated":true}]}}