{"id":353,"date":"2017-01-16T12:16:06","date_gmt":"2017-01-16T10:16:06","guid":{"rendered":"http:\/\/elcerrodelalmendral.com\/?page_id=353"},"modified":"2017-01-16T12:20:15","modified_gmt":"2017-01-16T10:20:15","slug":"notre-maison","status":"publish","type":"page","link":"https:\/\/elcerrodelalmendral.com\/fr\/notre-maison\/","title":{"rendered":"Notre Maison"},"content":{"rendered":"<p><\/p>\n<h1 class=\"Standard\" style=\"text-align: center;\" align=\"center\">DESCRIPTION DU G\u00ceTE<\/h1>\n<p>Il s\u2019ag\u00eet d\u2019un g\u00eete rural compl\u00e8tement r\u00e9nov\u00e9 et \u00e9quip\u00e9 de tout le confort du XXI \u00e8me si\u00e8cle.<\/p>\n<p align=\"justify\">REZ- DE-JARDIN\u00a0: Salon avec chemin\u00e9e , cuisine avec coin repas , chambre **, porche \u00a0, toilettes communes, jardin , piscine et garage. Toute cette partie est accessible aux personnes \u00e0 mobilit\u00e9 r\u00e9duite. Garde-manger, buanderie et patio. Acc\u00e9s \u00e0 l\u2019\u00e9tage par\u00a0 l\u2019int\u00e9rieur et l\u2019ext\u00e9rieur.<\/p>\n<p align=\"justify\">\u00c9TAGE\u00a0: quatre chambres \u00a0pour deux personnes \u00a0** terrasse panoramique partiellement couverte et barbecue.<\/p>\n<p align=\"justify\">\u00c9QUIPEMENT\u00a0: chemin\u00e9e , chauffage, barbecue, piscine(9&#215;5 m), four,\u00a0\u00a0 \u00a0vaisselle en grande quantit\u00e9, r\u00e9frig\u00e9rateur \u2013cong\u00e9lateur, four micro-ondes , lave-linge, fer \u00e0 repasser, s\u00e8che-cheveux , t\u00e9l\u00e9vision, wi-fi, jeux de soci\u00e9t\u00e9, jouets, livres \u2026 S\u00e9curit\u00e9 wifi ouverte.<\/p>\n<p align=\"justify\">INFORMATION TOURISTIQUE\u00a0:\u00a0 Nous mettons \u00e0 votre disposition des brochures sur ce que l\u2019on peut faire et voir dans les environs et les r\u00e9gions voisines. N\u2019h\u00e9sitez pas \u00e0 nous consulter en cas de doute.<\/p>\n<h5>N.B<\/h5>\n<blockquote>\n<p align=\"justify\">* Une fois la r\u00e9servation faite nous vous enverrons un itin\u00e9raire d\u00e9taill\u00e9 pour vous rendre \u00e0 la ferme.<\/p>\n<p align=\"justify\">** Toutes les chambres poss\u00e8dent une salle de bain privative , donnent sur\u00a0 l\u2019ext\u00e9rieur , sont pour 2\u00a0 personnes et peuvent \u00eatre \u00e9quip\u00e9es d\u2019un lit de 2 personnes \u00a0ou de deux \u00a0lits d\u2019une personne au choix \u00e0 la r\u00e9servation ou jusque 48 heures avant votre arriv\u00e9e. Possibilit\u00e9 de lit pour enfant et de \u00a0chaise haute.<\/p>\n<\/blockquote>\n<p><\/p>","protected":false},"excerpt":{"rendered":"<p>DESCRIPTION DU G\u00ceTE Il s\u2019ag\u00eet d\u2019un g\u00eete rural compl\u00e8tement r\u00e9nov\u00e9 et \u00e9quip\u00e9 de tout le confort du XXI \u00e8me si\u00e8cle. REZ- DE-JARDIN\u00a0: Salon avec chemin\u00e9e , cuisine avec coin repas , chambre **, porche \u00a0, toilettes communes, jardin , piscine et garage. Toute cette partie est accessible aux personnes \u00e0 mobilit\u00e9 r\u00e9duite. Garde-manger, buanderie et [&hellip;]<\/p>\n","protected":false},"author":2,"featured_media":0,"parent":0,"menu_order":0,"comment_status":"closed","ping_status":"closed","template":"","meta":{"footnotes":""},"class_list":["post-353","page","type-page","status-publish","hentry"],"yoast_head":"<!-- This site is optimized with the Yoast SEO plugin v27.3 - https:\/\/yoast.com\/product\/yoast-seo-wordpress\/ -->\n<title>Notre Maison - (Espa\u00f1ol) El Cerro del Almendral Casa Rural Loja Granada<\/title>\n<meta name=\"robots\" content=\"index, follow, max-snippet:-1, max-image-preview:large, max-video-preview:-1\" \/>\n<link rel=\"canonical\" href=\"https:\/\/elcerrodelalmendral.com\/fr\/notre-maison\/\" \/>\n<meta property=\"og:locale\" content=\"fr_FR\" \/>\n<meta property=\"og:type\" content=\"article\" \/>\n<meta property=\"og:title\" content=\"Notre Maison - (Espa\u00f1ol) El Cerro del Almendral Casa Rural Loja Granada\" \/>\n<meta property=\"og:description\" content=\"DESCRIPTION DU G\u00ceTE Il s\u2019ag\u00eet d\u2019un g\u00eete rural compl\u00e8tement r\u00e9nov\u00e9 et \u00e9quip\u00e9 de tout le confort du XXI \u00e8me si\u00e8cle. REZ- DE-JARDIN\u00a0: Salon avec chemin\u00e9e , cuisine avec coin repas , chambre **, porche \u00a0, toilettes communes, jardin , piscine et garage. Toute cette partie est accessible aux personnes \u00e0 mobilit\u00e9 r\u00e9duite. Garde-manger, buanderie et [&hellip;]\" \/>\n<meta property=\"og:url\" content=\"https:\/\/elcerrodelalmendral.com\/fr\/notre-maison\/\" \/>\n<meta property=\"og:site_name\" content=\"(Espa\u00f1ol) El Cerro del Almendral Casa Rural Loja Granada\" \/>\n<meta property=\"article:modified_time\" content=\"2017-01-16T10:20:15+00:00\" \/>\n<meta name=\"twitter:card\" content=\"summary_large_image\" \/>\n<meta name=\"twitter:label1\" content=\"Dur\u00e9e de lecture estim\u00e9e\" \/>\n\t<meta name=\"twitter:data1\" content=\"1 minute\" \/>\n<script type=\"application\/ld+json\" class=\"yoast-schema-graph\">{\"@context\":\"https:\\\/\\\/schema.org\",\"@graph\":[{\"@type\":\"WebPage\",\"@id\":\"https:\\\/\\\/elcerrodelalmendral.com\\\/fr\\\/notre-maison\\\/\",\"url\":\"https:\\\/\\\/elcerrodelalmendral.com\\\/fr\\\/notre-maison\\\/\",\"name\":\"Notre Maison - (Espa\u00f1ol) El Cerro del Almendral Casa Rural Loja Granada\",\"isPartOf\":{\"@id\":\"https:\\\/\\\/elcerrodelalmendral.com\\\/#website\"},\"datePublished\":\"2017-01-16T10:16:06+00:00\",\"dateModified\":\"2017-01-16T10:20:15+00:00\",\"breadcrumb\":{\"@id\":\"https:\\\/\\\/elcerrodelalmendral.com\\\/fr\\\/notre-maison\\\/#breadcrumb\"},\"inLanguage\":\"fr-FR\",\"potentialAction\":[{\"@type\":\"ReadAction\",\"target\":[\"https:\\\/\\\/elcerrodelalmendral.com\\\/fr\\\/notre-maison\\\/\"]}]},{\"@type\":\"BreadcrumbList\",\"@id\":\"https:\\\/\\\/elcerrodelalmendral.com\\\/fr\\\/notre-maison\\\/#breadcrumb\",\"itemListElement\":[{\"@type\":\"ListItem\",\"position\":1,\"name\":\"Portada\",\"item\":\"https:\\\/\\\/elcerrodelalmendral.com\\\/\"},{\"@type\":\"ListItem\",\"position\":2,\"name\":\"Notre Maison\"}]},{\"@type\":\"WebSite\",\"@id\":\"https:\\\/\\\/elcerrodelalmendral.com\\\/#website\",\"url\":\"https:\\\/\\\/elcerrodelalmendral.com\\\/\",\"name\":\"(Espa\u00f1ol) El Cerro del Almendral Casa Rural Loja Granada\",\"description\":\"(Espa\u00f1ol) Para\u00edso en el Coraz\u00f3n de Andaluc\u00eda\",\"publisher\":{\"@id\":\"https:\\\/\\\/elcerrodelalmendral.com\\\/#organization\"},\"potentialAction\":[{\"@type\":\"SearchAction\",\"target\":{\"@type\":\"EntryPoint\",\"urlTemplate\":\"https:\\\/\\\/elcerrodelalmendral.com\\\/?s={search_term_string}\"},\"query-input\":{\"@type\":\"PropertyValueSpecification\",\"valueRequired\":true,\"valueName\":\"search_term_string\"}}],\"inLanguage\":\"fr-FR\"},{\"@type\":\"Organization\",\"@id\":\"https:\\\/\\\/elcerrodelalmendral.com\\\/#organization\",\"name\":\"Casa Rural El Cerro del Almendral - Ecosol Rural\",\"url\":\"https:\\\/\\\/elcerrodelalmendral.com\\\/\",\"logo\":{\"@type\":\"ImageObject\",\"inLanguage\":\"fr-FR\",\"@id\":\"https:\\\/\\\/elcerrodelalmendral.com\\\/#\\\/schema\\\/logo\\\/image\\\/\",\"url\":\"https:\\\/\\\/elcerrodelalmendral.com\\\/wp-content\\\/uploads\\\/2016\\\/05\\\/logo300x165.png\",\"contentUrl\":\"https:\\\/\\\/elcerrodelalmendral.com\\\/wp-content\\\/uploads\\\/2016\\\/05\\\/logo300x165.png\",\"width\":300,\"height\":165,\"caption\":\"Casa Rural El Cerro del Almendral - Ecosol Rural\"},\"image\":{\"@id\":\"https:\\\/\\\/elcerrodelalmendral.com\\\/#\\\/schema\\\/logo\\\/image\\\/\"}}]}<\/script>\n<!-- \/ Yoast SEO plugin. -->","yoast_head_json":{"title":"Notre Maison - (Espa\u00f1ol) El Cerro del Almendral Casa Rural Loja Granada","robots":{"index":"index","follow":"follow","max-snippet":"max-snippet:-1","max-image-preview":"max-image-preview:large","max-video-preview":"max-video-preview:-1"},"canonical":"https:\/\/elcerrodelalmendral.com\/fr\/notre-maison\/","og_locale":"fr_FR","og_type":"article","og_title":"Notre Maison - (Espa\u00f1ol) El Cerro del Almendral Casa Rural Loja Granada","og_description":"DESCRIPTION DU G\u00ceTE Il s\u2019ag\u00eet d\u2019un g\u00eete rural compl\u00e8tement r\u00e9nov\u00e9 et \u00e9quip\u00e9 de tout le confort du XXI \u00e8me si\u00e8cle. REZ- DE-JARDIN\u00a0: Salon avec chemin\u00e9e , cuisine avec coin repas , chambre **, porche \u00a0, toilettes communes, jardin , piscine et garage. Toute cette partie est accessible aux personnes \u00e0 mobilit\u00e9 r\u00e9duite. Garde-manger, buanderie et [&hellip;]","og_url":"https:\/\/elcerrodelalmendral.com\/fr\/notre-maison\/","og_site_name":"(Espa\u00f1ol) El Cerro del Almendral Casa Rural Loja Granada","article_modified_time":"2017-01-16T10:20:15+00:00","twitter_card":"summary_large_image","twitter_misc":{"Dur\u00e9e de lecture estim\u00e9e":"1 minute"},"schema":{"@context":"https:\/\/schema.org","@graph":[{"@type":"WebPage","@id":"https:\/\/elcerrodelalmendral.com\/fr\/notre-maison\/","url":"https:\/\/elcerrodelalmendral.com\/fr\/notre-maison\/","name":"Notre Maison - (Espa\u00f1ol) El Cerro del Almendral Casa Rural Loja Granada","isPartOf":{"@id":"https:\/\/elcerrodelalmendral.com\/#website"},"datePublished":"2017-01-16T10:16:06+00:00","dateModified":"2017-01-16T10:20:15+00:00","breadcrumb":{"@id":"https:\/\/elcerrodelalmendral.com\/fr\/notre-maison\/#breadcrumb"},"inLanguage":"fr-FR","potentialAction":[{"@type":"ReadAction","target":["https:\/\/elcerrodelalmendral.com\/fr\/notre-maison\/"]}]},{"@type":"BreadcrumbList","@id":"https:\/\/elcerrodelalmendral.com\/fr\/notre-maison\/#breadcrumb","itemListElement":[{"@type":"ListItem","position":1,"name":"Portada","item":"https:\/\/elcerrodelalmendral.com\/"},{"@type":"ListItem","position":2,"name":"Notre Maison"}]},{"@type":"WebSite","@id":"https:\/\/elcerrodelalmendral.com\/#website","url":"https:\/\/elcerrodelalmendral.com\/","name":"(Espa\u00f1ol) El Cerro del Almendral Casa Rural Loja Granada","description":"(Espa\u00f1ol) Para\u00edso en el Coraz\u00f3n de Andaluc\u00eda","publisher":{"@id":"https:\/\/elcerrodelalmendral.com\/#organization"},"potentialAction":[{"@type":"SearchAction","target":{"@type":"EntryPoint","urlTemplate":"https:\/\/elcerrodelalmendral.com\/?s={search_term_string}"},"query-input":{"@type":"PropertyValueSpecification","valueRequired":true,"valueName":"search_term_string"}}],"inLanguage":"fr-FR"},{"@type":"Organization","@id":"https:\/\/elcerrodelalmendral.com\/#organization","name":"Casa Rural El Cerro del Almendral - Ecosol Rural","url":"https:\/\/elcerrodelalmendral.com\/","logo":{"@type":"ImageObject","inLanguage":"fr-FR","@id":"https:\/\/elcerrodelalmendral.com\/#\/schema\/logo\/image\/","url":"https:\/\/elcerrodelalmendral.com\/wp-content\/uploads\/2016\/05\/logo300x165.png","contentUrl":"https:\/\/elcerrodelalmendral.com\/wp-content\/uploads\/2016\/05\/logo300x165.png","width":300,"height":165,"caption":"Casa Rural El Cerro del Almendral - Ecosol Rural"},"image":{"@id":"https:\/\/elcerrodelalmendral.com\/#\/schema\/logo\/image\/"}}]}},"_links":{"self":[{"href":"https:\/\/elcerrodelalmendral.com\/fr\/wp-json\/wp\/v2\/pages\/353","targetHints":{"allow":["GET"]}}],"collection":[{"href":"https:\/\/elcerrodelalmendral.com\/fr\/wp-json\/wp\/v2\/pages"}],"about":[{"href":"https:\/\/elcerrodelalmendral.com\/fr\/wp-json\/wp\/v2\/types\/page"}],"author":[{"embeddable":true,"href":"https:\/\/elcerrodelalmendral.com\/fr\/wp-json\/wp\/v2\/users\/2"}],"replies":[{"embeddable":true,"href":"https:\/\/elcerrodelalmendral.com\/fr\/wp-json\/wp\/v2\/comments?post=353"}],"version-history":[{"count":2,"href":"https:\/\/elcerrodelalmendral.com\/fr\/wp-json\/wp\/v2\/pages\/353\/revisions"}],"predecessor-version":[{"id":355,"href":"https:\/\/elcerrodelalmendral.com\/fr\/wp-json\/wp\/v2\/pages\/353\/revisions\/355"}],"wp:attachment":[{"href":"https:\/\/elcerrodelalmendral.com\/fr\/wp-json\/wp\/v2\/media?parent=353"}],"curies":[{"name":"wp","href":"https:\/\/api.w.org\/{rel}","templated":true}]}}