{"id":350,"date":"2017-01-16T12:02:31","date_gmt":"2017-01-16T10:02:31","guid":{"rendered":"http:\/\/elcerrodelalmendral.com\/?page_id=350"},"modified":"2017-01-16T12:02:31","modified_gmt":"2017-01-16T10:02:31","slug":"debut","status":"publish","type":"page","link":"https:\/\/elcerrodelalmendral.com\/fr\/debut\/","title":{"rendered":"D\u00e9but"},"content":{"rendered":"","protected":false},"excerpt":{"rendered":"","protected":false},"author":2,"featured_media":0,"parent":0,"menu_order":0,"comment_status":"closed","ping_status":"closed","template":"","meta":{"footnotes":""},"class_list":["post-350","page","type-page","status-publish","hentry"],"yoast_head":"<!-- This site is optimized with the Yoast SEO plugin v27.3 - https:\/\/yoast.com\/product\/yoast-seo-wordpress\/ -->\n<title>D\u00e9but - (Espa\u00f1ol) El Cerro del Almendral Casa Rural Loja Granada<\/title>\n<meta name=\"robots\" content=\"index, follow, max-snippet:-1, max-image-preview:large, max-video-preview:-1\" \/>\n<link rel=\"canonical\" href=\"https:\/\/elcerrodelalmendral.com\/en\/francais-debut\/\" \/>\n<meta property=\"og:locale\" content=\"fr_FR\" \/>\n<meta property=\"og:type\" content=\"article\" \/>\n<meta property=\"og:title\" content=\"D\u00e9but - (Espa\u00f1ol) El Cerro del Almendral Casa Rural Loja Granada\" \/>\n<meta property=\"og:url\" content=\"https:\/\/elcerrodelalmendral.com\/en\/francais-debut\/\" \/>\n<meta property=\"og:site_name\" content=\"(Espa\u00f1ol) El Cerro del Almendral Casa Rural Loja Granada\" \/>\n<meta name=\"twitter:card\" content=\"summary_large_image\" \/>\n<script type=\"application\/ld+json\" class=\"yoast-schema-graph\">{\"@context\":\"https:\\\/\\\/schema.org\",\"@graph\":[{\"@type\":\"WebPage\",\"@id\":\"https:\\\/\\\/elcerrodelalmendral.com\\\/en\\\/francais-debut\\\/\",\"url\":\"https:\\\/\\\/elcerrodelalmendral.com\\\/en\\\/francais-debut\\\/\",\"name\":\"D\u00e9but - (Espa\u00f1ol) El Cerro del Almendral Casa Rural Loja Granada\",\"isPartOf\":{\"@id\":\"https:\\\/\\\/elcerrodelalmendral.com\\\/#website\"},\"datePublished\":\"2017-01-16T10:02:31+00:00\",\"breadcrumb\":{\"@id\":\"https:\\\/\\\/elcerrodelalmendral.com\\\/en\\\/francais-debut\\\/#breadcrumb\"},\"inLanguage\":\"fr-FR\",\"potentialAction\":[{\"@type\":\"ReadAction\",\"target\":[\"https:\\\/\\\/elcerrodelalmendral.com\\\/en\\\/francais-debut\\\/\"]}]},{\"@type\":\"BreadcrumbList\",\"@id\":\"https:\\\/\\\/elcerrodelalmendral.com\\\/en\\\/francais-debut\\\/#breadcrumb\",\"itemListElement\":[{\"@type\":\"ListItem\",\"position\":1,\"name\":\"Portada\",\"item\":\"https:\\\/\\\/elcerrodelalmendral.com\\\/\"},{\"@type\":\"ListItem\",\"position\":2,\"name\":\"(Fran\u00e7ais) D\u00e9but\"}]},{\"@type\":\"WebSite\",\"@id\":\"https:\\\/\\\/elcerrodelalmendral.com\\\/#website\",\"url\":\"https:\\\/\\\/elcerrodelalmendral.com\\\/\",\"name\":\"(Espa\u00f1ol) El Cerro del Almendral Casa Rural Loja Granada\",\"description\":\"(Espa\u00f1ol) Para\u00edso en el Coraz\u00f3n de Andaluc\u00eda\",\"publisher\":{\"@id\":\"https:\\\/\\\/elcerrodelalmendral.com\\\/#organization\"},\"potentialAction\":[{\"@type\":\"SearchAction\",\"target\":{\"@type\":\"EntryPoint\",\"urlTemplate\":\"https:\\\/\\\/elcerrodelalmendral.com\\\/?s={search_term_string}\"},\"query-input\":{\"@type\":\"PropertyValueSpecification\",\"valueRequired\":true,\"valueName\":\"search_term_string\"}}],\"inLanguage\":\"fr-FR\"},{\"@type\":\"Organization\",\"@id\":\"https:\\\/\\\/elcerrodelalmendral.com\\\/#organization\",\"name\":\"Casa Rural El Cerro del Almendral - Ecosol Rural\",\"url\":\"https:\\\/\\\/elcerrodelalmendral.com\\\/\",\"logo\":{\"@type\":\"ImageObject\",\"inLanguage\":\"fr-FR\",\"@id\":\"https:\\\/\\\/elcerrodelalmendral.com\\\/#\\\/schema\\\/logo\\\/image\\\/\",\"url\":\"https:\\\/\\\/elcerrodelalmendral.com\\\/wp-content\\\/uploads\\\/2016\\\/05\\\/logo300x165.png\",\"contentUrl\":\"https:\\\/\\\/elcerrodelalmendral.com\\\/wp-content\\\/uploads\\\/2016\\\/05\\\/logo300x165.png\",\"width\":300,\"height\":165,\"caption\":\"Casa Rural El Cerro del Almendral - Ecosol Rural\"},\"image\":{\"@id\":\"https:\\\/\\\/elcerrodelalmendral.com\\\/#\\\/schema\\\/logo\\\/image\\\/\"}}]}<\/script>\n<!-- \/ Yoast SEO plugin. -->","yoast_head_json":{"title":"D\u00e9but - (Espa\u00f1ol) El Cerro del Almendral Casa Rural Loja Granada","robots":{"index":"index","follow":"follow","max-snippet":"max-snippet:-1","max-image-preview":"max-image-preview:large","max-video-preview":"max-video-preview:-1"},"canonical":"https:\/\/elcerrodelalmendral.com\/en\/francais-debut\/","og_locale":"fr_FR","og_type":"article","og_title":"D\u00e9but - (Espa\u00f1ol) El Cerro del Almendral Casa Rural Loja Granada","og_url":"https:\/\/elcerrodelalmendral.com\/en\/francais-debut\/","og_site_name":"(Espa\u00f1ol) El Cerro del Almendral Casa Rural Loja Granada","twitter_card":"summary_large_image","schema":{"@context":"https:\/\/schema.org","@graph":[{"@type":"WebPage","@id":"https:\/\/elcerrodelalmendral.com\/en\/francais-debut\/","url":"https:\/\/elcerrodelalmendral.com\/en\/francais-debut\/","name":"D\u00e9but - (Espa\u00f1ol) El Cerro del Almendral Casa Rural Loja Granada","isPartOf":{"@id":"https:\/\/elcerrodelalmendral.com\/#website"},"datePublished":"2017-01-16T10:02:31+00:00","breadcrumb":{"@id":"https:\/\/elcerrodelalmendral.com\/en\/francais-debut\/#breadcrumb"},"inLanguage":"fr-FR","potentialAction":[{"@type":"ReadAction","target":["https:\/\/elcerrodelalmendral.com\/en\/francais-debut\/"]}]},{"@type":"BreadcrumbList","@id":"https:\/\/elcerrodelalmendral.com\/en\/francais-debut\/#breadcrumb","itemListElement":[{"@type":"ListItem","position":1,"name":"Portada","item":"https:\/\/elcerrodelalmendral.com\/"},{"@type":"ListItem","position":2,"name":"(Fran\u00e7ais) D\u00e9but"}]},{"@type":"WebSite","@id":"https:\/\/elcerrodelalmendral.com\/#website","url":"https:\/\/elcerrodelalmendral.com\/","name":"(Espa\u00f1ol) El Cerro del Almendral Casa Rural Loja Granada","description":"(Espa\u00f1ol) Para\u00edso en el Coraz\u00f3n de Andaluc\u00eda","publisher":{"@id":"https:\/\/elcerrodelalmendral.com\/#organization"},"potentialAction":[{"@type":"SearchAction","target":{"@type":"EntryPoint","urlTemplate":"https:\/\/elcerrodelalmendral.com\/?s={search_term_string}"},"query-input":{"@type":"PropertyValueSpecification","valueRequired":true,"valueName":"search_term_string"}}],"inLanguage":"fr-FR"},{"@type":"Organization","@id":"https:\/\/elcerrodelalmendral.com\/#organization","name":"Casa Rural El Cerro del Almendral - Ecosol Rural","url":"https:\/\/elcerrodelalmendral.com\/","logo":{"@type":"ImageObject","inLanguage":"fr-FR","@id":"https:\/\/elcerrodelalmendral.com\/#\/schema\/logo\/image\/","url":"https:\/\/elcerrodelalmendral.com\/wp-content\/uploads\/2016\/05\/logo300x165.png","contentUrl":"https:\/\/elcerrodelalmendral.com\/wp-content\/uploads\/2016\/05\/logo300x165.png","width":300,"height":165,"caption":"Casa Rural El Cerro del Almendral - Ecosol Rural"},"image":{"@id":"https:\/\/elcerrodelalmendral.com\/#\/schema\/logo\/image\/"}}]}},"_links":{"self":[{"href":"https:\/\/elcerrodelalmendral.com\/fr\/wp-json\/wp\/v2\/pages\/350","targetHints":{"allow":["GET"]}}],"collection":[{"href":"https:\/\/elcerrodelalmendral.com\/fr\/wp-json\/wp\/v2\/pages"}],"about":[{"href":"https:\/\/elcerrodelalmendral.com\/fr\/wp-json\/wp\/v2\/types\/page"}],"author":[{"embeddable":true,"href":"https:\/\/elcerrodelalmendral.com\/fr\/wp-json\/wp\/v2\/users\/2"}],"replies":[{"embeddable":true,"href":"https:\/\/elcerrodelalmendral.com\/fr\/wp-json\/wp\/v2\/comments?post=350"}],"version-history":[{"count":1,"href":"https:\/\/elcerrodelalmendral.com\/fr\/wp-json\/wp\/v2\/pages\/350\/revisions"}],"predecessor-version":[{"id":351,"href":"https:\/\/elcerrodelalmendral.com\/fr\/wp-json\/wp\/v2\/pages\/350\/revisions\/351"}],"wp:attachment":[{"href":"https:\/\/elcerrodelalmendral.com\/fr\/wp-json\/wp\/v2\/media?parent=350"}],"curies":[{"name":"wp","href":"https:\/\/api.w.org\/{rel}","templated":true}]}}