{"id":306,"date":"2016-07-27T13:13:23","date_gmt":"2016-07-27T11:13:23","guid":{"rendered":"http:\/\/elcerrodelalmendral.com\/?page_id=306"},"modified":"2016-07-27T13:21:52","modified_gmt":"2016-07-27T11:21:52","slug":"legal-warning-and-privacy-policy","status":"publish","type":"page","link":"https:\/\/elcerrodelalmendral.com\/fr\/legal-warning-and-privacy-policy\/","title":{"rendered":"(English) Legal Warning and Privacy Policy"},"content":{"rendered":"<p class=\"qtranxs-available-languages-message qtranxs-available-languages-message-fr\">D\u00e9sol\u00e9, cet article est seulement disponible en <a href=\"https:\/\/elcerrodelalmendral.com\/en\/wp-json\/wp\/v2\/pages\/306\" class=\"qtranxs-available-language-link qtranxs-available-language-link-en\" title=\"English\">English<\/a>.<\/p>","protected":false},"excerpt":{"rendered":"<p>D\u00e9sol\u00e9, cet article est seulement disponible en English.<\/p>\n","protected":false},"author":2,"featured_media":0,"parent":0,"menu_order":0,"comment_status":"closed","ping_status":"closed","template":"","meta":{"footnotes":""},"class_list":["post-306","page","type-page","status-publish","hentry"],"yoast_head":"<!-- This site is optimized with the Yoast SEO plugin v27.3 - https:\/\/yoast.com\/product\/yoast-seo-wordpress\/ -->\n<title>(English) Legal Warning and Privacy Policy - (Espa\u00f1ol) El Cerro del Almendral Casa Rural Loja Granada<\/title>\n<meta name=\"robots\" content=\"index, follow, max-snippet:-1, max-image-preview:large, max-video-preview:-1\" \/>\n<link rel=\"canonical\" href=\"https:\/\/elcerrodelalmendral.com\/en\/legal-warning-and-privacy-policy\/\" \/>\n<meta property=\"og:locale\" content=\"fr_FR\" \/>\n<meta property=\"og:type\" content=\"article\" \/>\n<meta property=\"og:title\" content=\"(English) Legal Warning and Privacy Policy - (Espa\u00f1ol) El Cerro del Almendral Casa Rural Loja Granada\" \/>\n<meta property=\"og:description\" content=\"D\u00e9sol\u00e9, cet article est seulement disponible en English.\" \/>\n<meta property=\"og:url\" content=\"https:\/\/elcerrodelalmendral.com\/en\/legal-warning-and-privacy-policy\/\" \/>\n<meta property=\"og:site_name\" content=\"(Espa\u00f1ol) El Cerro del Almendral Casa Rural Loja Granada\" \/>\n<meta property=\"article:modified_time\" content=\"2016-07-27T11:21:52+00:00\" \/>\n<meta name=\"twitter:card\" content=\"summary_large_image\" \/>\n<meta name=\"twitter:label1\" content=\"Dur\u00e9e de lecture estim\u00e9e\" \/>\n\t<meta name=\"twitter:data1\" content=\"4 minutes\" \/>\n<script type=\"application\/ld+json\" class=\"yoast-schema-graph\">{\"@context\":\"https:\\\/\\\/schema.org\",\"@graph\":[{\"@type\":\"WebPage\",\"@id\":\"https:\\\/\\\/elcerrodelalmendral.com\\\/en\\\/legal-warning-and-privacy-policy\\\/\",\"url\":\"https:\\\/\\\/elcerrodelalmendral.com\\\/en\\\/legal-warning-and-privacy-policy\\\/\",\"name\":\"(English) Legal Warning and Privacy Policy - (Espa\u00f1ol) El Cerro del Almendral Casa Rural Loja Granada\",\"isPartOf\":{\"@id\":\"https:\\\/\\\/elcerrodelalmendral.com\\\/#website\"},\"datePublished\":\"2016-07-27T11:13:23+00:00\",\"dateModified\":\"2016-07-27T11:21:52+00:00\",\"breadcrumb\":{\"@id\":\"https:\\\/\\\/elcerrodelalmendral.com\\\/en\\\/legal-warning-and-privacy-policy\\\/#breadcrumb\"},\"inLanguage\":\"fr-FR\",\"potentialAction\":[{\"@type\":\"ReadAction\",\"target\":[\"https:\\\/\\\/elcerrodelalmendral.com\\\/en\\\/legal-warning-and-privacy-policy\\\/\"]}]},{\"@type\":\"BreadcrumbList\",\"@id\":\"https:\\\/\\\/elcerrodelalmendral.com\\\/en\\\/legal-warning-and-privacy-policy\\\/#breadcrumb\",\"itemListElement\":[{\"@type\":\"ListItem\",\"position\":1,\"name\":\"Portada\",\"item\":\"https:\\\/\\\/elcerrodelalmendral.com\\\/\"},{\"@type\":\"ListItem\",\"position\":2,\"name\":\"Legal Warning and Privacy Policy\"}]},{\"@type\":\"WebSite\",\"@id\":\"https:\\\/\\\/elcerrodelalmendral.com\\\/#website\",\"url\":\"https:\\\/\\\/elcerrodelalmendral.com\\\/\",\"name\":\"(Espa\u00f1ol) El Cerro del Almendral Casa Rural Loja Granada\",\"description\":\"(Espa\u00f1ol) Para\u00edso en el Coraz\u00f3n de Andaluc\u00eda\",\"publisher\":{\"@id\":\"https:\\\/\\\/elcerrodelalmendral.com\\\/#organization\"},\"potentialAction\":[{\"@type\":\"SearchAction\",\"target\":{\"@type\":\"EntryPoint\",\"urlTemplate\":\"https:\\\/\\\/elcerrodelalmendral.com\\\/?s={search_term_string}\"},\"query-input\":{\"@type\":\"PropertyValueSpecification\",\"valueRequired\":true,\"valueName\":\"search_term_string\"}}],\"inLanguage\":\"fr-FR\"},{\"@type\":\"Organization\",\"@id\":\"https:\\\/\\\/elcerrodelalmendral.com\\\/#organization\",\"name\":\"Casa Rural El Cerro del Almendral - Ecosol Rural\",\"url\":\"https:\\\/\\\/elcerrodelalmendral.com\\\/\",\"logo\":{\"@type\":\"ImageObject\",\"inLanguage\":\"fr-FR\",\"@id\":\"https:\\\/\\\/elcerrodelalmendral.com\\\/#\\\/schema\\\/logo\\\/image\\\/\",\"url\":\"https:\\\/\\\/elcerrodelalmendral.com\\\/wp-content\\\/uploads\\\/2016\\\/05\\\/logo300x165.png\",\"contentUrl\":\"https:\\\/\\\/elcerrodelalmendral.com\\\/wp-content\\\/uploads\\\/2016\\\/05\\\/logo300x165.png\",\"width\":300,\"height\":165,\"caption\":\"Casa Rural El Cerro del Almendral - Ecosol Rural\"},\"image\":{\"@id\":\"https:\\\/\\\/elcerrodelalmendral.com\\\/#\\\/schema\\\/logo\\\/image\\\/\"}}]}<\/script>\n<!-- \/ Yoast SEO plugin. -->","yoast_head_json":{"title":"(English) Legal Warning and Privacy Policy - (Espa\u00f1ol) El Cerro del Almendral Casa Rural Loja Granada","robots":{"index":"index","follow":"follow","max-snippet":"max-snippet:-1","max-image-preview":"max-image-preview:large","max-video-preview":"max-video-preview:-1"},"canonical":"https:\/\/elcerrodelalmendral.com\/en\/legal-warning-and-privacy-policy\/","og_locale":"fr_FR","og_type":"article","og_title":"(English) Legal Warning and Privacy Policy - (Espa\u00f1ol) El Cerro del Almendral Casa Rural Loja Granada","og_description":"D\u00e9sol\u00e9, cet article est seulement disponible en English.","og_url":"https:\/\/elcerrodelalmendral.com\/en\/legal-warning-and-privacy-policy\/","og_site_name":"(Espa\u00f1ol) El Cerro del Almendral Casa Rural Loja Granada","article_modified_time":"2016-07-27T11:21:52+00:00","twitter_card":"summary_large_image","twitter_misc":{"Dur\u00e9e de lecture estim\u00e9e":"4 minutes"},"schema":{"@context":"https:\/\/schema.org","@graph":[{"@type":"WebPage","@id":"https:\/\/elcerrodelalmendral.com\/en\/legal-warning-and-privacy-policy\/","url":"https:\/\/elcerrodelalmendral.com\/en\/legal-warning-and-privacy-policy\/","name":"(English) Legal Warning and Privacy Policy - (Espa\u00f1ol) El Cerro del Almendral Casa Rural Loja Granada","isPartOf":{"@id":"https:\/\/elcerrodelalmendral.com\/#website"},"datePublished":"2016-07-27T11:13:23+00:00","dateModified":"2016-07-27T11:21:52+00:00","breadcrumb":{"@id":"https:\/\/elcerrodelalmendral.com\/en\/legal-warning-and-privacy-policy\/#breadcrumb"},"inLanguage":"fr-FR","potentialAction":[{"@type":"ReadAction","target":["https:\/\/elcerrodelalmendral.com\/en\/legal-warning-and-privacy-policy\/"]}]},{"@type":"BreadcrumbList","@id":"https:\/\/elcerrodelalmendral.com\/en\/legal-warning-and-privacy-policy\/#breadcrumb","itemListElement":[{"@type":"ListItem","position":1,"name":"Portada","item":"https:\/\/elcerrodelalmendral.com\/"},{"@type":"ListItem","position":2,"name":"Legal Warning and Privacy Policy"}]},{"@type":"WebSite","@id":"https:\/\/elcerrodelalmendral.com\/#website","url":"https:\/\/elcerrodelalmendral.com\/","name":"(Espa\u00f1ol) El Cerro del Almendral Casa Rural Loja Granada","description":"(Espa\u00f1ol) Para\u00edso en el Coraz\u00f3n de Andaluc\u00eda","publisher":{"@id":"https:\/\/elcerrodelalmendral.com\/#organization"},"potentialAction":[{"@type":"SearchAction","target":{"@type":"EntryPoint","urlTemplate":"https:\/\/elcerrodelalmendral.com\/?s={search_term_string}"},"query-input":{"@type":"PropertyValueSpecification","valueRequired":true,"valueName":"search_term_string"}}],"inLanguage":"fr-FR"},{"@type":"Organization","@id":"https:\/\/elcerrodelalmendral.com\/#organization","name":"Casa Rural El Cerro del Almendral - Ecosol Rural","url":"https:\/\/elcerrodelalmendral.com\/","logo":{"@type":"ImageObject","inLanguage":"fr-FR","@id":"https:\/\/elcerrodelalmendral.com\/#\/schema\/logo\/image\/","url":"https:\/\/elcerrodelalmendral.com\/wp-content\/uploads\/2016\/05\/logo300x165.png","contentUrl":"https:\/\/elcerrodelalmendral.com\/wp-content\/uploads\/2016\/05\/logo300x165.png","width":300,"height":165,"caption":"Casa Rural El Cerro del Almendral - Ecosol Rural"},"image":{"@id":"https:\/\/elcerrodelalmendral.com\/#\/schema\/logo\/image\/"}}]}},"_links":{"self":[{"href":"https:\/\/elcerrodelalmendral.com\/fr\/wp-json\/wp\/v2\/pages\/306","targetHints":{"allow":["GET"]}}],"collection":[{"href":"https:\/\/elcerrodelalmendral.com\/fr\/wp-json\/wp\/v2\/pages"}],"about":[{"href":"https:\/\/elcerrodelalmendral.com\/fr\/wp-json\/wp\/v2\/types\/page"}],"author":[{"embeddable":true,"href":"https:\/\/elcerrodelalmendral.com\/fr\/wp-json\/wp\/v2\/users\/2"}],"replies":[{"embeddable":true,"href":"https:\/\/elcerrodelalmendral.com\/fr\/wp-json\/wp\/v2\/comments?post=306"}],"version-history":[{"count":1,"href":"https:\/\/elcerrodelalmendral.com\/fr\/wp-json\/wp\/v2\/pages\/306\/revisions"}],"predecessor-version":[{"id":307,"href":"https:\/\/elcerrodelalmendral.com\/fr\/wp-json\/wp\/v2\/pages\/306\/revisions\/307"}],"wp:attachment":[{"href":"https:\/\/elcerrodelalmendral.com\/fr\/wp-json\/wp\/v2\/media?parent=306"}],"curies":[{"name":"wp","href":"https:\/\/api.w.org\/{rel}","templated":true}]}}